{"id":56,"date":"2018-12-31T08:41:58","date_gmt":"2018-12-31T08:41:58","guid":{"rendered":"https:\/\/futonllit.com\/nueva\/?post_type=product&#038;p=56"},"modified":"2026-02-11T11:36:22","modified_gmt":"2026-02-11T11:36:22","slug":"nokido","status":"publish","type":"product","link":"https:\/\/futonllit.com\/en\/shop\/nokido\/","title":{"rendered":"Nokido"},"content":{"rendered":"<p>Nokido is a solid Scandinavian pine base in an authentic Japanese style.\nPerfectly suited to attics or spaces with low ceilings, its is ideal for lovers of low beds with tatami. The bed matches two types of nightstands, one with a tatami top and one with a wooden top.<\/span>\n<ul>\n \t<li style=\"list-style-type: none\">\n<ul>\n \t<li>Solid finger joint pine wood<\/li>\n \t<li>Tatami top layer<\/li>\n \t<li>Total height with a a 15\/16 cm mattress resting on tatami is 29 cm<\/li>\n \t<li>Available in untreated wood or in a range of <a class=\"fancylink trans\" href=\"https:\/\/www.cinius.com\/en\/comuni\/colorazioni.php\">colors<\/a><\/li>\n \t<li>Assembly with minimal metal parts<\/li>\n \t<li>Recommended headboard: Padded cotton Futon with removable cover, available in a range of colors with or without <a href=\"https:\/\/www.cinius.com\/en\/bed-head\/index.php\" target=\"_self\">ideograms<\/a><\/li>\n<\/ul>\n<\/li>\n<\/ul>\n&nbsp;\n<ul>\n \t<li>Treat with natural non-toxic impregnating oils<\/li>\n \t<li>Can also be made to measure<\/li>\n \t<li>Selected raw materials<\/li>\n \t<li>Natural wood bed<\/li>\n \t<li>Japanese bed<\/li>\n<\/ul>\n&nbsp;<\/p>","protected":false},"excerpt":{"rendered":"<p>Nokido es una tarima s\u00f3lida de pino escandinavo que conserva toda la autenticidad del estilo original japon\u00e9s. Es adecuada para habitaciones con techos bajos o techos inclinados, y es perfecta para los amantes de una cama baja que incorpore el tradicional tatami. Tambi\u00e9n puede utilizarse con somier de lamas de madera, sin tatami. Montaje muy simple por ensambles, pr\u00e1cticamente sin herrajes met\u00e1licos, disponible en madera cruda o en varios colores. La altura total con un colch\u00f3n de 15\/16 cm sobre&#8230;<\/p>","protected":false},"featured_media":8381,"template":"","meta":[],"product_brand":[],"product_cat":[18],"product_tag":[],"class_list":{"0":"post-56","1":"product","2":"type-product","3":"status-publish","4":"has-post-thumbnail","6":"product_cat-tatamis","8":"first","9":"instock","10":"taxable","11":"shipping-taxable","12":"purchasable","13":"product-type-variable","14":"rtwpvs-product"},"_links":{"self":[{"href":"https:\/\/futonllit.com\/en\/wp-json\/wp\/v2\/product\/56","targetHints":{"allow":["GET"]}}],"collection":[{"href":"https:\/\/futonllit.com\/en\/wp-json\/wp\/v2\/product"}],"about":[{"href":"https:\/\/futonllit.com\/en\/wp-json\/wp\/v2\/types\/product"}],"wp:featuredmedia":[{"embeddable":true,"href":"https:\/\/futonllit.com\/en\/wp-json\/wp\/v2\/media\/8381"}],"wp:attachment":[{"href":"https:\/\/futonllit.com\/en\/wp-json\/wp\/v2\/media?parent=56"}],"wp:term":[{"taxonomy":"product_brand","embeddable":true,"href":"https:\/\/futonllit.com\/en\/wp-json\/wp\/v2\/product_brand?post=56"},{"taxonomy":"product_cat","embeddable":true,"href":"https:\/\/futonllit.com\/en\/wp-json\/wp\/v2\/product_cat?post=56"},{"taxonomy":"product_tag","embeddable":true,"href":"https:\/\/futonllit.com\/en\/wp-json\/wp\/v2\/product_tag?post=56"}],"curies":[{"name":"wp","href":"https:\/\/api.w.org\/{rel}","templated":true}]}}