{"id":141,"date":"2019-01-02T11:08:13","date_gmt":"2019-01-02T11:08:13","guid":{"rendered":"https:\/\/futonllit.com\/nueva\/?post_type=product&#038;p=141"},"modified":"2024-05-15T16:11:25","modified_gmt":"2024-05-15T16:11:25","slug":"coco-mat-double-latex","status":"publish","type":"product","link":"https:\/\/futonllit.com\/en\/shop\/coco-mat-double-latex\/","title":{"rendered":"Futon doble l\u00e1tex + coco"},"content":{"rendered":"<p>Combinaci\u00f3n de tres fibras naturales (algod\u00f3n puro, l\u00e1tex natural y fibra de coco), este futon ofrece la suavidad y las propiedades t\u00e9rmicas del algod\u00f3n, la elasticidad propia del l\u00e1tex natural y una\u00a0 capa de fibra de coco para aportar firmeza. Todo ello recubierto por una loneta de algod\u00f3n 100%. El futon de coco y l\u00e1tex crea la nueva generaci\u00f3n del futon, y es fruto de casi m\u00e1s de tres d\u00e9cadas de experiencia en la confecci\u00f3n de colchones naturales. No requiere ning\u00fan tipo de mantenimiento, no se apelmaza con el uso y no transmite ning\u00fan movimiento de un lado al otro del colch\u00f3n.<\/p>","protected":false},"excerpt":{"rendered":"<p>Combinaci\u00f3n de tres fibras naturales (algod\u00f3n puro, l\u00e1tex natural y fibra de coco), este futon ofrece la suavidad y las propiedades t\u00e9rmicas del algod\u00f3n, la elasticidad propia del l\u00e1tex natural y una\u00a0 capa de fibra de coco para aportar firmeza. Todo ello recubierto por una loneta de algod\u00f3n 100%. El futon de coco y l\u00e1tex crea la nueva generaci\u00f3n del futon, y es fruto de casi m\u00e1s de tres d\u00e9cadas de experiencia en la confecci\u00f3n de colchones naturales. No requiere&#8230;<\/p>","protected":false},"featured_media":8562,"template":"","meta":[],"product_brand":[],"product_cat":[21],"product_tag":[],"class_list":{"0":"post-141","1":"product","2":"type-product","3":"status-publish","4":"has-post-thumbnail","6":"product_cat-futon","8":"first","9":"instock","10":"taxable","11":"shipping-taxable","12":"purchasable","13":"product-type-variable","14":"rtwpvs-product"},"_links":{"self":[{"href":"https:\/\/futonllit.com\/en\/wp-json\/wp\/v2\/product\/141","targetHints":{"allow":["GET"]}}],"collection":[{"href":"https:\/\/futonllit.com\/en\/wp-json\/wp\/v2\/product"}],"about":[{"href":"https:\/\/futonllit.com\/en\/wp-json\/wp\/v2\/types\/product"}],"wp:featuredmedia":[{"embeddable":true,"href":"https:\/\/futonllit.com\/en\/wp-json\/wp\/v2\/media\/8562"}],"wp:attachment":[{"href":"https:\/\/futonllit.com\/en\/wp-json\/wp\/v2\/media?parent=141"}],"wp:term":[{"taxonomy":"product_brand","embeddable":true,"href":"https:\/\/futonllit.com\/en\/wp-json\/wp\/v2\/product_brand?post=141"},{"taxonomy":"product_cat","embeddable":true,"href":"https:\/\/futonllit.com\/en\/wp-json\/wp\/v2\/product_cat?post=141"},{"taxonomy":"product_tag","embeddable":true,"href":"https:\/\/futonllit.com\/en\/wp-json\/wp\/v2\/product_tag?post=141"}],"curies":[{"name":"wp","href":"https:\/\/api.w.org\/{rel}","templated":true}]}}