{"id":13997,"date":"2025-12-12T18:35:16","date_gmt":"2025-12-12T18:35:16","guid":{"rendered":"https:\/\/futonllit.com\/?post_type=product&#038;p=13997"},"modified":"2026-01-05T12:30:23","modified_gmt":"2026-01-05T12:30:23","slug":"base-tatami-dojo-oferta","status":"publish","type":"product","link":"https:\/\/futonllit.com\/en\/shop\/base-tatami-dojo-oferta\/","title":{"rendered":"DOJO Tatami Base on sale"},"content":{"rendered":"<p>Ideal for those who appreciate the lightness of low beds and Japanese style If the structure of the bed is much wider than your choice of mattress you can leave out the nightstands.<\/p>\n<p><span id=\"result_box\" lang=\"es\"><span title=\"Il Letto Dojo \u00e8 ideale per chi apprezza la leggerezza dei letti bassi e lo stile giapponese, con la sua cornice in faggio massello lamellare - senza parti metalliche (Magnetic Free) - che cinge il Tatami. \">La superficie del tatami puede\u00a0<\/span><span title=\"Se la struttura del letto viene scelta molto pi\u00f9 ampia del materasso, si pu\u00f2 fare a meno dei comodini e al contempo mettere in risalto il Tatami. \">ser mucho m\u00e1s amplia que el colch\u00f3n, disponiendo as\u00ed de un margen de tatami alrededor sobre el que podemos hacer vida, a la manera tradicional japonesa.<br \/>\n<\/span><\/span><\/p>\n<p><span id=\"result_box\" lang=\"es\"><span title=\"Sotto il Tatami sono comunque fornite le reti a doghe per agevolare la traspirazione del materasso. \">Under the tatami there is a slatted base to allow the tatami to breathe.<br \/>\n<\/span><\/span><\/p>\n<p><span id=\"result_box\" lang=\"es\"><span title=\"Disponibile anche nella variante Dojo H, con piedi di 10cm (o su misura). \u00a0\u00a0\u00a0\u00a0\">Variant of the classic Dojo, raised on legs of 10 cm or custom height.<br \/>\n<\/span><\/span><\/p>\n<ul>\n<li><span id=\"result_box\" lang=\"es\"><span title=\"Letto giapponese in faggio massello lamellare tutto ad incastro, senza parti metalliche (Magnetic Free) \u00a0\u00a0\u00a0\u00a0\">Interlocking assembly without metal parts (Magnetic Free).<\/span><\/span><\/li>\n<li><span id=\"result_box\" lang=\"es\"><span title=\"\u2013 \u00a0\u00a0\u00a0\u00a0\">Disponible en madera natural sin tratar o tratada con barnizes naturales (con base de aceite o agua) en varios colores a elegir abajo de la descripci\u00f3n.<br \/>\n<\/span><\/span><\/li>\n<li><span id=\"result_box\" lang=\"es\"><span title=\"Trattato su richiesta con oli impregnanti naturali \u00a0\u00a0\u00a0\u00a0\">Tambi\u00e9n disponible en\u00a0<\/span><\/span><span id=\"result_box\" lang=\"es\"><span title=\"Disponibile anche su misura\">medidas especiales, bajo pedido.<br \/>\n<\/span><\/span><\/li>\n<\/ul>\n<p>The price includes 1, 2 or 3 tatami mats depending on the measurements of the base.<\/p>","protected":false},"excerpt":{"rendered":"<p class=\"translation-block\">Dojo Tatam Base on sale with 2 tatamis 80 x 200. <br>\nInterior size 160 x 200 |  Exterior size 176 x 216. <br>\nHeight 7 cm.<br>\nDark walnut varnish. <br>\nIncludes solid beech frame varnished in dark walnut color, wooden slats and 2 units of tatami 80 x 200 cm.<\/p>","protected":false},"featured_media":8384,"template":"","meta":[],"product_brand":[],"product_cat":[15],"product_tag":[],"class_list":{"0":"post-13997","1":"product","2":"type-product","3":"status-publish","4":"has-post-thumbnail","6":"product_cat-ofertas","8":"first","9":"instock","10":"sale","11":"featured","12":"taxable","13":"shipping-taxable","14":"purchasable","15":"product-type-simple"},"_links":{"self":[{"href":"https:\/\/futonllit.com\/en\/wp-json\/wp\/v2\/product\/13997","targetHints":{"allow":["GET"]}}],"collection":[{"href":"https:\/\/futonllit.com\/en\/wp-json\/wp\/v2\/product"}],"about":[{"href":"https:\/\/futonllit.com\/en\/wp-json\/wp\/v2\/types\/product"}],"wp:featuredmedia":[{"embeddable":true,"href":"https:\/\/futonllit.com\/en\/wp-json\/wp\/v2\/media\/8384"}],"wp:attachment":[{"href":"https:\/\/futonllit.com\/en\/wp-json\/wp\/v2\/media?parent=13997"}],"wp:term":[{"taxonomy":"product_brand","embeddable":true,"href":"https:\/\/futonllit.com\/en\/wp-json\/wp\/v2\/product_brand?post=13997"},{"taxonomy":"product_cat","embeddable":true,"href":"https:\/\/futonllit.com\/en\/wp-json\/wp\/v2\/product_cat?post=13997"},{"taxonomy":"product_tag","embeddable":true,"href":"https:\/\/futonllit.com\/en\/wp-json\/wp\/v2\/product_tag?post=13997"}],"curies":[{"name":"wp","href":"https:\/\/api.w.org\/{rel}","templated":true}]}}