{"id":133,"date":"2019-01-02T11:02:34","date_gmt":"2019-01-02T11:02:34","guid":{"rendered":"https:\/\/futonllit.com\/nueva\/?post_type=product&#038;p=133"},"modified":"2024-05-15T16:11:59","modified_gmt":"2024-05-15T16:11:59","slug":"futon-standard","status":"publish","type":"product","link":"https:\/\/futonllit.com\/en\/shop\/futon-standard\/","title":{"rendered":"Futon standard"},"content":{"rendered":"<p class=\"translation-block\">Traditional 100% cotton futon. Handmade with layers of pure cotton superimposed and fixed by a special sewing system that prevents the cotton from moving or deforming. Handmade with layers of pure cotton superimposed and fixed by a special sewing system that prevents the cotton from moving or deforming. The thickness can vary between 6 and 14 cm depending on the degree of hardness desired. The cotton futon requires some basic care. It must be placed on a firm surface that allows air circulation, be it a wooden bed frame or a tatami. It is convenient to aerate it regularly. We also recommend folding and turning it from time to time, so that the cotton does not cake.<\/p>","protected":false},"excerpt":{"rendered":"<p>Fut\u00f3n tradicional de algod\u00f3n 100%. Confeccionado a mano con capas de algod\u00f3n puro superpuestas y fijadas mediante un sistema de cosido especial que evita que el algod\u00f3n se desplace o deforme. Confeccionado a mano con capas de algod\u00f3n puro superpuestas y fijadas mediante un sistema de cosido especial que evita que el algod\u00f3n se desplace o deforme. El grosor puede oscilar entre los 6 y los 14 cent\u00edmetros, en funci\u00f3n del grado de dureza deseado. El fut\u00f3n de algod\u00f3n requiere&#8230;<\/p>","protected":false},"featured_media":8562,"template":"","meta":[],"product_brand":[],"product_cat":[21],"product_tag":[],"class_list":{"0":"post-133","1":"product","2":"type-product","3":"status-publish","4":"has-post-thumbnail","6":"product_cat-futon","8":"first","9":"instock","10":"taxable","11":"shipping-taxable","12":"purchasable","13":"product-type-variable","14":"rtwpvs-product"},"_links":{"self":[{"href":"https:\/\/futonllit.com\/en\/wp-json\/wp\/v2\/product\/133","targetHints":{"allow":["GET"]}}],"collection":[{"href":"https:\/\/futonllit.com\/en\/wp-json\/wp\/v2\/product"}],"about":[{"href":"https:\/\/futonllit.com\/en\/wp-json\/wp\/v2\/types\/product"}],"wp:featuredmedia":[{"embeddable":true,"href":"https:\/\/futonllit.com\/en\/wp-json\/wp\/v2\/media\/8562"}],"wp:attachment":[{"href":"https:\/\/futonllit.com\/en\/wp-json\/wp\/v2\/media?parent=133"}],"wp:term":[{"taxonomy":"product_brand","embeddable":true,"href":"https:\/\/futonllit.com\/en\/wp-json\/wp\/v2\/product_brand?post=133"},{"taxonomy":"product_cat","embeddable":true,"href":"https:\/\/futonllit.com\/en\/wp-json\/wp\/v2\/product_cat?post=133"},{"taxonomy":"product_tag","embeddable":true,"href":"https:\/\/futonllit.com\/en\/wp-json\/wp\/v2\/product_tag?post=133"}],"curies":[{"name":"wp","href":"https:\/\/api.w.org\/{rel}","templated":true}]}}