{"id":13205,"date":"2025-02-13T12:13:12","date_gmt":"2025-02-13T12:13:12","guid":{"rendered":"https:\/\/futonllit.com\/?post_type=product&#038;p=13205"},"modified":"2026-02-11T11:25:58","modified_gmt":"2026-02-11T11:25:58","slug":"sofa-bed-pettine","status":"publish","type":"product","link":"https:\/\/futonllit.com\/en\/shop\/sofa-bed-pettine\/","title":{"rendered":"Sof\u00e1 Cama Pettine"},"content":{"rendered":"<p class=\"translation-block\">The Pettine Sofa Bed is easily transformed into a comfortable and spacious double bed of 160x200cm. <br>\nMade in Italy in solid beech wood, it is the perfect solution when you have guests. The 2 futons are included. <br>\nThe Pettine sofa bed is equipped with a genuine wood base that extends comfortably by means of a sliding system. <br>\nMade of solid laminated beech wood, the seat of the Pettine sofa bed is made up of 2 stacked futons (80 x 200 x 11cm each) in cotton with an inner layer of latex. <br>\nIn addition to these, the following are provided (alternatively):<br>\n5 cotton pillows;<br>\nA long, cotton-padded headboard.<\/p>","protected":false},"excerpt":{"rendered":"<p>El Sof\u00e1 Cama Pettine se transforma f\u00e1cilmente en una c\u00f3moda y amplia cama doble de 160x200cm. Fabricado en Italia en madera maciza de haya, es la soluci\u00f3n perfecta cuando tienes invitados. Los 2 futones est\u00e1n incluidos. El sof\u00e1 cama Pettine est\u00e1 equipado con una base de madera aut\u00e9ntica que se extiende c\u00f3modamente mediante un sistema deslizante. De madera maciza de haya laminada, el asiento del sof\u00e1 cama Pettine est\u00e1 formado por 2 futones apilados (80 x 200 x 11cm cada&#8230;<\/p>","protected":false},"featured_media":13377,"template":"","meta":[],"product_brand":[],"product_cat":[20],"product_tag":[],"class_list":{"0":"post-13205","1":"product","2":"type-product","3":"status-publish","4":"has-post-thumbnail","6":"product_cat-sofa-cama","8":"first","9":"instock","10":"taxable","11":"shipping-taxable","12":"purchasable","13":"product-type-simple"},"_links":{"self":[{"href":"https:\/\/futonllit.com\/en\/wp-json\/wp\/v2\/product\/13205","targetHints":{"allow":["GET"]}}],"collection":[{"href":"https:\/\/futonllit.com\/en\/wp-json\/wp\/v2\/product"}],"about":[{"href":"https:\/\/futonllit.com\/en\/wp-json\/wp\/v2\/types\/product"}],"wp:featuredmedia":[{"embeddable":true,"href":"https:\/\/futonllit.com\/en\/wp-json\/wp\/v2\/media\/13377"}],"wp:attachment":[{"href":"https:\/\/futonllit.com\/en\/wp-json\/wp\/v2\/media?parent=13205"}],"wp:term":[{"taxonomy":"product_brand","embeddable":true,"href":"https:\/\/futonllit.com\/en\/wp-json\/wp\/v2\/product_brand?post=13205"},{"taxonomy":"product_cat","embeddable":true,"href":"https:\/\/futonllit.com\/en\/wp-json\/wp\/v2\/product_cat?post=13205"},{"taxonomy":"product_tag","embeddable":true,"href":"https:\/\/futonllit.com\/en\/wp-json\/wp\/v2\/product_tag?post=13205"}],"curies":[{"name":"wp","href":"https:\/\/api.w.org\/{rel}","templated":true}]}}