{"id":119,"date":"2019-01-02T09:11:01","date_gmt":"2019-01-02T09:11:01","guid":{"rendered":"https:\/\/futonllit.com\/nueva\/?post_type=product&#038;p=119"},"modified":"2026-01-20T23:06:48","modified_gmt":"2026-01-20T23:06:48","slug":"box","status":"publish","type":"product","link":"https:\/\/futonllit.com\/en\/shop\/box\/","title":{"rendered":"Box Canap\u00e9"},"content":{"rendered":"<p>Synthetic and rational design, for a practical bed-storage solution. A \"space-saving\" design with simple lines, based on the aesthetic charm of solid finger joint beech wood .<\/p>\n<p class=\"translation-block\">Lifting up the slatted base using the piston mechanism transforms the bed's internal compartment into a large space-saving storage space.<\/p>\n<p>La caja de la cama se vende totalmente desmontada para facilitar su transporte. Si lo desea, tambi\u00e9n puede solicitar la estructura del somier desmontada para entrar en lugares de dif\u00edcil acceso.<\/p>\n<p>La caja de cama tambi\u00e9n es adecuada para somieres de lamas no elevables y puede ser personalizado en altura hasta un m\u00e1ximo de 50 cm.<\/p>\n<p>Box is also available in a 'soft' version with rounded edges<\/p>\n<p>\u2013 Solid finger joint beech wood<\/p>\n<p>\u2013 Complete with lift-up slatted base with piston mechanism.<\/p>\n<p>\u2013 Available in untreated wood or in a range of colors (see below)<\/p>\n<p>\u2013 Treat with natural non-toxic impregnating oils<\/p>\n<p>\u2013 Can also be made to measure<\/p>","protected":false},"excerpt":{"rendered":"<p>Cama de madera maciza de haya, fabricada en Italia. Opcional con somier elevable con sistema neum\u00e1tico para habilitar todo el espacio bajo la cama como un gran caj\u00f3n donde guardar ropa. Dise\u00f1o est\u00e9tico y funcional para un almacenamiento c\u00f3modo en una cama de robustez extrema. Su caracter\u00edstica est\u00e9tica muestra el encanto simple de las l\u00edneas rectas en madera maciza de haya laminada. Somier completo de madera con sistema de elevaci\u00f3n por pistones neum\u00e1ticos, el caj\u00f3n inferior es una excelente soluci\u00f3n&#8230;<\/p>","protected":false},"featured_media":8491,"template":"","meta":[],"product_brand":[],"product_cat":[19],"product_tag":[],"class_list":{"0":"post-119","1":"product","2":"type-product","3":"status-publish","4":"has-post-thumbnail","6":"product_cat-camas","8":"first","9":"instock","10":"taxable","11":"shipping-taxable","12":"purchasable","13":"product-type-variable","14":"rtwpvs-product"},"_links":{"self":[{"href":"https:\/\/futonllit.com\/en\/wp-json\/wp\/v2\/product\/119","targetHints":{"allow":["GET"]}}],"collection":[{"href":"https:\/\/futonllit.com\/en\/wp-json\/wp\/v2\/product"}],"about":[{"href":"https:\/\/futonllit.com\/en\/wp-json\/wp\/v2\/types\/product"}],"wp:featuredmedia":[{"embeddable":true,"href":"https:\/\/futonllit.com\/en\/wp-json\/wp\/v2\/media\/8491"}],"wp:attachment":[{"href":"https:\/\/futonllit.com\/en\/wp-json\/wp\/v2\/media?parent=119"}],"wp:term":[{"taxonomy":"product_brand","embeddable":true,"href":"https:\/\/futonllit.com\/en\/wp-json\/wp\/v2\/product_brand?post=119"},{"taxonomy":"product_cat","embeddable":true,"href":"https:\/\/futonllit.com\/en\/wp-json\/wp\/v2\/product_cat?post=119"},{"taxonomy":"product_tag","embeddable":true,"href":"https:\/\/futonllit.com\/en\/wp-json\/wp\/v2\/product_tag?post=119"}],"curies":[{"name":"wp","href":"https:\/\/api.w.org\/{rel}","templated":true}]}}