{"id":115,"date":"2019-01-02T09:08:18","date_gmt":"2019-01-02T09:08:18","guid":{"rendered":"https:\/\/futonllit.com\/nueva\/?post_type=product&#038;p=115"},"modified":"2026-01-20T23:02:58","modified_gmt":"2026-01-20T23:02:58","slug":"aurora","status":"publish","type":"product","link":"https:\/\/futonllit.com\/en\/shop\/aurora\/","title":{"rendered":"Aurora"},"content":{"rendered":"<p>Simple and elegant in pure zen style.\nIts thick 4.2 cm or 3.2 cm border and interlocking joints with both horizontal and vertical dowels make the bed very solid and stable.<\/p>\n<p class=\"translation-block\">\u2013 Solid finger joint beech wood.\n\u2013 Interlocking assembly without metal parts (Magnetic Free).\n\u2013 Headboard (optional) fixed with joints to the frame.\n\u2013 If positioned against a wall it can be combined with the Futon headboard fixed to the wall with two brass hooks.\n\u2013 Treat with natural non-toxic impregnating oils\n\u2013 Can also be made to measure\n\u2013 Selected raw materials\n\u2013 Natural wood bed\n\u2013 Japanese bed<\/p>\n<p>&nbsp;<\/p>","protected":false},"excerpt":{"rendered":"<p>Aurora Bed es una cama de dise\u00f1o simple y elegante, fabricada en Italia en madera maciza de haya.\u2028Su marco de madera (de 4,2cm o 3,2cm de ancho) y el tipo de ensamblado sin herrajes met\u00e1licos (con pasadores de madera horizontales y verticales) le aportan una gran robustez y estabilidad. Todo un cl\u00e1sico de la marca italiana Cinius, es uno de nuestros modelos de cama de mayor \u00e9xito. &#8211; Disponible en madera en crudo sin tratar o en varios colores a&#8230;<\/p>","protected":false},"featured_media":8488,"template":"","meta":[],"product_brand":[],"product_cat":[19],"product_tag":[],"class_list":{"0":"post-115","1":"product","2":"type-product","3":"status-publish","4":"has-post-thumbnail","6":"product_cat-camas","8":"first","9":"instock","10":"taxable","11":"shipping-taxable","12":"purchasable","13":"product-type-variable","14":"rtwpvs-product"},"_links":{"self":[{"href":"https:\/\/futonllit.com\/en\/wp-json\/wp\/v2\/product\/115","targetHints":{"allow":["GET"]}}],"collection":[{"href":"https:\/\/futonllit.com\/en\/wp-json\/wp\/v2\/product"}],"about":[{"href":"https:\/\/futonllit.com\/en\/wp-json\/wp\/v2\/types\/product"}],"wp:featuredmedia":[{"embeddable":true,"href":"https:\/\/futonllit.com\/en\/wp-json\/wp\/v2\/media\/8488"}],"wp:attachment":[{"href":"https:\/\/futonllit.com\/en\/wp-json\/wp\/v2\/media?parent=115"}],"wp:term":[{"taxonomy":"product_brand","embeddable":true,"href":"https:\/\/futonllit.com\/en\/wp-json\/wp\/v2\/product_brand?post=115"},{"taxonomy":"product_cat","embeddable":true,"href":"https:\/\/futonllit.com\/en\/wp-json\/wp\/v2\/product_cat?post=115"},{"taxonomy":"product_tag","embeddable":true,"href":"https:\/\/futonllit.com\/en\/wp-json\/wp\/v2\/product_tag?post=115"}],"curies":[{"name":"wp","href":"https:\/\/api.w.org\/{rel}","templated":true}]}}