{"id":113,"date":"2019-01-02T09:07:01","date_gmt":"2019-01-02T09:07:01","guid":{"rendered":"https:\/\/futonllit.com\/nueva\/?post_type=product&#038;p=113"},"modified":"2026-01-20T23:03:59","modified_gmt":"2026-01-20T23:03:59","slug":"tokyo","status":"publish","type":"product","link":"https:\/\/futonllit.com\/en\/shop\/tokyo\/","title":{"rendered":"Tokyo"},"content":{"rendered":"<p class=\"translation-block\">Here is the solid Scandinavian pine version of our extraordinary Tokyo bed.\nAn introduction to the Zen aesthetic with clean lines and interlocking joints at an unbeatable price. On request it is possible to add an extra touch of character to Tokyo-Uzume, by choosing legs in a different color to the frame.\n-&gt; Solid pine frame\n-&gt; Designed to be combined with Tatami, which rest on the slats\n-&gt; Total height with a 15\/16 cm mattress resting on wooden slats is 36 cm\n-&gt; Total height with a a 15\/16 cm mattress resting on tatami is 42 cm\n-&gt; Recommended headboard: Padded cotton Futon with removable cover, available in a range of colors with or without ideograms (see)\n-&gt; Available in untreated wood or in a range of colors (see)\n\n- Treat with natural non-toxic impregnating oils\n- Can also be made to measure\n- Selected raw materials\n- Natural wood bed\n- Japanese bed<\/p>","protected":false},"excerpt":{"rendered":"<p>Tokio F es todo un cl\u00e1sico en nuestro cat\u00e1logo de camas. Fabricada en Italia en madera maciza laminada de haya, se adapta a cualquier entorno gracias a su simplicidad y a sus numerosas posibilidades de personalizaci\u00f3n. De l\u00edneas rectas y est\u00e9tica zen, sus caracter\u00edsticas esenciales son la geometr\u00eda de su dise\u00f1o y los encajes de madera, sin tornillos (magnetic free) en la zona de las patas. El color de las patas puede variar (bajo pedido), distingui\u00e9ndose as\u00ed de la estructura&#8230;<\/p>","protected":false},"featured_media":11434,"template":"","meta":[],"product_brand":[],"product_cat":[19],"product_tag":[],"class_list":{"0":"post-113","1":"product","2":"type-product","3":"status-publish","4":"has-post-thumbnail","6":"product_cat-camas","8":"first","9":"instock","10":"taxable","11":"shipping-taxable","12":"purchasable","13":"product-type-variable","14":"rtwpvs-product"},"_links":{"self":[{"href":"https:\/\/futonllit.com\/en\/wp-json\/wp\/v2\/product\/113","targetHints":{"allow":["GET"]}}],"collection":[{"href":"https:\/\/futonllit.com\/en\/wp-json\/wp\/v2\/product"}],"about":[{"href":"https:\/\/futonllit.com\/en\/wp-json\/wp\/v2\/types\/product"}],"wp:featuredmedia":[{"embeddable":true,"href":"https:\/\/futonllit.com\/en\/wp-json\/wp\/v2\/media\/11434"}],"wp:attachment":[{"href":"https:\/\/futonllit.com\/en\/wp-json\/wp\/v2\/media?parent=113"}],"wp:term":[{"taxonomy":"product_brand","embeddable":true,"href":"https:\/\/futonllit.com\/en\/wp-json\/wp\/v2\/product_brand?post=113"},{"taxonomy":"product_cat","embeddable":true,"href":"https:\/\/futonllit.com\/en\/wp-json\/wp\/v2\/product_cat?post=113"},{"taxonomy":"product_tag","embeddable":true,"href":"https:\/\/futonllit.com\/en\/wp-json\/wp\/v2\/product_tag?post=113"}],"curies":[{"name":"wp","href":"https:\/\/api.w.org\/{rel}","templated":true}]}}