{"id":111,"date":"2019-01-02T09:04:20","date_gmt":"2019-01-02T09:04:20","guid":{"rendered":"https:\/\/futonllit.com\/nueva\/?post_type=product&#038;p=111"},"modified":"2026-01-20T23:05:52","modified_gmt":"2026-01-20T23:05:52","slug":"isola","status":"publish","type":"product","link":"https:\/\/futonllit.com\/en\/shop\/isola\/","title":{"rendered":"Isola"},"content":{"rendered":"<p class=\"translation-block\">Solid beech wood bed, made in Italy, without metal parts. Its attractive design presents a wide frame of 20cm around the entire bed base, providing an aesthetic that allows you to place the bed in the center of the room. Isola is an exclusive design of the Italian company Cinius, and stands out for its solid wood frame that surrounds the mattress, at low ground level (20cm), thus maintaining the inspiration in the aesthetics of the Japanese bed, with the possibility of incorporating tatami or without them, with slatted wooden slats. The Isola bed is assembled using an ingenious wooden lacing system, free of metallic hardware (magnetic free). Although the size is large, the short distance between the floor provides a stylized aesthetic, highlighting the quality and texture of solid wood.<\/p>\n<p><span id=\"result_box\" lang=\"es\"><span title=\"Il Letto Isola pu\u00f2 essere personalizzato (su richiesta) abbinandovi comodini (anche sospesi), testate, cassettiere, Tatami e contenitori sottoletto Isola. \">The Isola bed can incorporate complements (optional) such as the bedside tables suspended, headboards, drawers ...<\/span><\/span><\/p>\n<p><span title=\"Qualora si desideri ridurre l'ingombro del perimetro del Letto Isola (che \u00e8 di 20cm), si pu\u00f2 richiedere la modifica della struttura nella zona a ridosso del muro. \">If you wish to reduce the size of the perimeter of the Isola bed, you can request a change in the structure of the area of \u200b\u200bthe headboard that is reduced from 20cm to 3cm, thus the total length of the bed of 223cm instead of the 240cm of the measurement standard.<br \/>\n<\/span><\/p>\n<p class=\"translation-block\">\u2013 Solid laminated beech wood frame<\/p>\n<p><span id=\"result_box\" lang=\"es\"><span title=\"Predisposto per essere abbinato con Tatami, da appoggiare sulle reti a doghe \u00a0\u00a0\u00a0\u00a0\">\u2013 Designed to be combined with Tatami, which rest on the slats.<\/span><\/span><\/p>\n<p><span id=\"result_box\" lang=\"es\"><span title=\"\u2013 \u00a0\u00a0\u00a0\u00a0\">\u2013 Available in untreated wood or in a range of colors (see below)<\/span><\/span><\/p>\n<p><span id=\"result_box\" lang=\"es\"><span title=\"\u2013 \u00a0\u00a0\u00a0\u00a0\">&#8211; <\/span><span title=\"L'altezza totale con un materasso da 15\/16cm appoggiato su doghe in legno \u00e8 di circa 36cm \u00a0\u00a0\u00a0\u00a0\">\u2013 Total height with a 15\/16 cm mattress resting on wooden slats is 36 cm.<\/span><\/span><span id=\"result_box\" lang=\"es\"><\/span><\/p>\n<p><span id=\"result_box\" lang=\"es\"><span title=\"L'altezza totale con un materasso da 15\/16cm appoggiato su tatami \u00e8 di circa 42cm \u00a0\u00a0\u00a0\u00a0\">\u2013 Total height with a a 15\/16 cm mattress resting on tatami is 42 cm.<br \/>\n<\/span><\/span><span id=\"result_box\" lang=\"es\"><\/span><span id=\"result_box\" lang=\"es\"><\/span><\/p>\n<p><span id=\"result_box\" lang=\"es\"><span title=\"La \">&#8211; <\/span><span title=\"Vari accessori abbinati: comodini (anche sospesi), testate, cassettiere, Tatami e contenitori sottoletto (vedi) \u00a0\u00a0\u00a0\u00a0\">Various matching accessories: bedside tables, headboards, drawer units, tatami and underbed containers.<br \/>\n<\/span><\/span><\/p>\n<p><span lang=\"es\"><span title=\"Disponibile anche su misura\">\u2013 It can be manufactured in special measures, on request.<\/span><\/span><\/p>","protected":false},"excerpt":{"rendered":"<p>Cama de madera maciza de haya, fabricada en Italia, sin piezas met\u00e1licas. Su atractivo dise\u00f1o presenta un amplio marco de 20 cm alrededor de todo el somier, aportando una est\u00e9tica que permite colocar la cama en el centro de la habitaci\u00f3n. Isola es un dise\u00f1o exclusivo de la empresa italiana Cinius, y destaca por su marco de madera s\u00f3lida que rodea el colch\u00f3n, a poca altura del suelo (20 cm), manteniendo as\u00ed la inspiraci\u00f3n en la est\u00e9tica de la cama&#8230;<\/p>","protected":false},"featured_media":8497,"template":"","meta":[],"product_brand":[],"product_cat":[19],"product_tag":[],"class_list":{"0":"post-111","1":"product","2":"type-product","3":"status-publish","4":"has-post-thumbnail","6":"product_cat-camas","8":"first","9":"instock","10":"taxable","11":"shipping-taxable","12":"purchasable","13":"product-type-variable","14":"rtwpvs-product"},"_links":{"self":[{"href":"https:\/\/futonllit.com\/en\/wp-json\/wp\/v2\/product\/111","targetHints":{"allow":["GET"]}}],"collection":[{"href":"https:\/\/futonllit.com\/en\/wp-json\/wp\/v2\/product"}],"about":[{"href":"https:\/\/futonllit.com\/en\/wp-json\/wp\/v2\/types\/product"}],"wp:featuredmedia":[{"embeddable":true,"href":"https:\/\/futonllit.com\/en\/wp-json\/wp\/v2\/media\/8497"}],"wp:attachment":[{"href":"https:\/\/futonllit.com\/en\/wp-json\/wp\/v2\/media?parent=111"}],"wp:term":[{"taxonomy":"product_brand","embeddable":true,"href":"https:\/\/futonllit.com\/en\/wp-json\/wp\/v2\/product_brand?post=111"},{"taxonomy":"product_cat","embeddable":true,"href":"https:\/\/futonllit.com\/en\/wp-json\/wp\/v2\/product_cat?post=111"},{"taxonomy":"product_tag","embeddable":true,"href":"https:\/\/futonllit.com\/en\/wp-json\/wp\/v2\/product_tag?post=111"}],"curies":[{"name":"wp","href":"https:\/\/api.w.org\/{rel}","templated":true}]}}