{"id":106,"date":"2019-01-02T08:43:42","date_gmt":"2019-01-02T08:43:42","guid":{"rendered":"https:\/\/futonllit.com\/nueva\/?post_type=product&#038;p=106"},"modified":"2026-01-20T21:59:06","modified_gmt":"2026-01-20T21:59:06","slug":"toki","status":"publish","type":"product","link":"https:\/\/futonllit.com\/en\/shop\/toki\/","title":{"rendered":"Toki"},"content":{"rendered":"<p class=\"translation-block\">The typically Japanese 'flavor' of the bed, is expressed in a remarkable geometric style of its interlocking joints.\nToki is the ideal frame for lovers of \"low beds\".\nA grove between two layers of solid finger joint beech wood runs around the edge of the frame, adding style and refinement to the bed, and supporting the suspended nightstands.<\/p>\n<p><span id=\"result_box\" lang=\"es\"><\/span><span id=\"result_box\" lang=\"es\"><span title=\"Studiato per i Tatami, \u00e8 tuttavia adatto anche alle normali reti a doghe ed \u00e8 completamente ad incastro senza parti metalliche (Magnetic Free). \u00a0\u00a0\u00a0\u00a0\">Toki is designed to be used with tatami but can also be used with a normal slatted base. nterlocking assembly without metal parts (Magnetic Free).<\/span><\/span><\/p>\n<p class=\"translation-block\">\u2013 Toki headboard and suspended nightstands (optional) fits into the wood frame.<\/p>\n<p><span id=\"result_box\" lang=\"es\"><span title=\"\u2013 \u00a0\u00a0\u00a0\u00a0\">&#8211; Disponible en madera en crudo o barnizada con impregnaci\u00f3n de aceites naturales en varios colores a elegir.<\/span><\/span><\/p>\n<p><span id=\"result_box\" lang=\"es\"><span title=\"\u2013 \u00a0\u00a0\u00a0\u00a0\">\u2013 Slatted base inlcuded. Tatamis not included.\u00a0 <\/span><\/span><span id=\"result_box\" lang=\"es\"><span title=\"Trattato su richiesta con oli impregnanti naturali \u00a0\u00a0\u00a0\u00a0\">\u00a0 <\/span><span title=\"Disponibile anche su misura\"><br \/>\n<\/span><\/span><\/p>\n<p><span lang=\"es\"><span title=\"Trattato su richiesta con oli impregnanti naturali \u00a0\u00a0\u00a0\u00a0\">\u2013 Can also be made to measure.<\/span><\/span><\/p>","protected":false},"excerpt":{"rendered":"<p>Base tatami fabricada en Italia, sin piezas met\u00e1licas, en madera maciza de haya. El estilo japon\u00e9s t\u00edpico de la cama Toki se expresa en el patr\u00f3n geom\u00e9trico de los encajes de madera, y es una opci\u00f3n ideal para aquellos que prefieren dormir en una cama baja. El rail formado por el doble marco de madera maciza de haya produce el marco perimetral de la cama, al mismo tiempo que act\u00faa como un soporte para las mesitas de noche en suspensi\u00f3n&#8230;<\/p>","protected":false},"featured_media":8409,"template":"","meta":[],"product_brand":[],"product_cat":[18],"product_tag":[],"class_list":{"0":"post-106","1":"product","2":"type-product","3":"status-publish","4":"has-post-thumbnail","6":"product_cat-tatamis","8":"first","9":"instock","10":"taxable","11":"shipping-taxable","12":"purchasable","13":"product-type-variable","14":"rtwpvs-product"},"_links":{"self":[{"href":"https:\/\/futonllit.com\/en\/wp-json\/wp\/v2\/product\/106","targetHints":{"allow":["GET"]}}],"collection":[{"href":"https:\/\/futonllit.com\/en\/wp-json\/wp\/v2\/product"}],"about":[{"href":"https:\/\/futonllit.com\/en\/wp-json\/wp\/v2\/types\/product"}],"wp:featuredmedia":[{"embeddable":true,"href":"https:\/\/futonllit.com\/en\/wp-json\/wp\/v2\/media\/8409"}],"wp:attachment":[{"href":"https:\/\/futonllit.com\/en\/wp-json\/wp\/v2\/media?parent=106"}],"wp:term":[{"taxonomy":"product_brand","embeddable":true,"href":"https:\/\/futonllit.com\/en\/wp-json\/wp\/v2\/product_brand?post=106"},{"taxonomy":"product_cat","embeddable":true,"href":"https:\/\/futonllit.com\/en\/wp-json\/wp\/v2\/product_cat?post=106"},{"taxonomy":"product_tag","embeddable":true,"href":"https:\/\/futonllit.com\/en\/wp-json\/wp\/v2\/product_tag?post=106"}],"curies":[{"name":"wp","href":"https:\/\/api.w.org\/{rel}","templated":true}]}}