{"id":104,"date":"2019-01-02T08:41:01","date_gmt":"2019-01-02T08:41:01","guid":{"rendered":"https:\/\/futonllit.com\/nueva\/?post_type=product&#038;p=104"},"modified":"2026-01-20T22:58:05","modified_gmt":"2026-01-20T22:58:05","slug":"tatami-bed","status":"publish","type":"product","link":"https:\/\/futonllit.com\/en\/shop\/tatami-bed\/","title":{"rendered":"Tatami Bed"},"content":{"rendered":"<p><span id=\"result_box\" lang=\"es\"><span title=\"Il Letto Tatami-Bed \u00e8 il primo modello di letto concepito specificamente per i Tatami: progettato nel 1985, \u00e8 diventato oramai un classico. \">The first model to be specially created for tatami. Designed in 1985, it has since became a classic.<br \/>\n<\/span><span title=\"In legno massello di faggio lamellare, \u00e8 stato inoltre il nostro primo letto completamente ad incastro. \">Japanese bed made in solid beech wood. Interlocking assembly without metal parts (Magnetic Free).<br \/>\n<\/span><span title=\"Prima del Letto Tatami-Bed, il concetto stesso di letto giapponese non esisteva: i Tatami venivano appoggiati direttamente sul pavimento o su listelli di legno. \u00a0\u00a0\u00a0\u00a0\"><br \/>\n<\/span><span title=\"Letto giapponese ad incastro con struttura geometrica, che rispetta le proporzioni dello stile giapponese. \u00a0\u00a0\u00a0\u00a0\">&#8211; Cama japonesa con encajes de madera y estructura de l\u00edneas rectas, que cumple con las proporciones de estilo japon\u00e9s.<\/span><\/span><\/p>\n<p><span id=\"result_box\" lang=\"es\"><span title=\"In legno massello lamellare di faggio \u00a0\u00a0\u00a0\u00a0\">\u2013 Solid finger joint beech wood\u00a0\u00a0 <\/span><\/span><\/p>\n<p class=\"translation-block\">\u2013 Available in untreated wood or in a range of colors (see below)<\/p>\n<p><span id=\"result_box\" lang=\"es\"><span title=\"Disponibile su misura sia in altezza che in dimensioni \u00a0\u00a0\u00a0\u00a0\">\u2013 Can be made to measure both in terms of height and size.<\/span><\/span><span id=\"result_box\" lang=\"es\"><span title=\"Trattato su richiesta con oli impregnanti naturali \u00a0\u00a0\u00a0\u00a0\"><br \/>\n<\/span><\/span><\/p>\n<p><span id=\"result_box\" lang=\"es\"><span title=\"Disponibile anche su misura \">\u2013 1, 2 or 3 tatamis included depending on the base dimensions.<\/span><\/span><\/p>\n<p><span id=\"result_box\" lang=\"es\"><span title=\"Disponibile anche su misura \">&#8211; Amplia variedad de medidas est\u00e1ndar, tambi\u00e9n se puede fabricar totalemente a medida bajo pedido.<\/span><\/span><\/p>","protected":false},"excerpt":{"rendered":"<p>El Tatami-Bed es el primer modelo dise\u00f1ado en Italia por la empresa Cinius, espec\u00edficamente concebido para montar con Tatami. Dise\u00f1ado en 1985, se ha convertido en todo un cl\u00e1sico. Madera maciza laminada de haya, se ensambla mediante encajes de madera sin herrajes met\u00e1licos (magnetic free). &#8211; Cama japonesa con encajes de madera y estructura de l\u00edneas rectas, que cumple con las proporciones de estilo japon\u00e9s. &#8211; Madera maciza laminada de haya\u00a0\u00a0 &#8211; Disponible en madera en crudo o barnizada con&#8230;<\/p>","protected":false},"featured_media":8394,"template":"","meta":[],"product_brand":[],"product_cat":[18],"product_tag":[],"class_list":{"0":"post-104","1":"product","2":"type-product","3":"status-publish","4":"has-post-thumbnail","6":"product_cat-tatamis","8":"first","9":"instock","10":"taxable","11":"shipping-taxable","12":"purchasable","13":"product-type-variable","14":"rtwpvs-product"},"_links":{"self":[{"href":"https:\/\/futonllit.com\/en\/wp-json\/wp\/v2\/product\/104","targetHints":{"allow":["GET"]}}],"collection":[{"href":"https:\/\/futonllit.com\/en\/wp-json\/wp\/v2\/product"}],"about":[{"href":"https:\/\/futonllit.com\/en\/wp-json\/wp\/v2\/types\/product"}],"wp:featuredmedia":[{"embeddable":true,"href":"https:\/\/futonllit.com\/en\/wp-json\/wp\/v2\/media\/8394"}],"wp:attachment":[{"href":"https:\/\/futonllit.com\/en\/wp-json\/wp\/v2\/media?parent=104"}],"wp:term":[{"taxonomy":"product_brand","embeddable":true,"href":"https:\/\/futonllit.com\/en\/wp-json\/wp\/v2\/product_brand?post=104"},{"taxonomy":"product_cat","embeddable":true,"href":"https:\/\/futonllit.com\/en\/wp-json\/wp\/v2\/product_cat?post=104"},{"taxonomy":"product_tag","embeddable":true,"href":"https:\/\/futonllit.com\/en\/wp-json\/wp\/v2\/product_tag?post=104"}],"curies":[{"name":"wp","href":"https:\/\/api.w.org\/{rel}","templated":true}]}}