{"id":102,"date":"2019-01-02T08:39:02","date_gmt":"2019-01-02T08:39:02","guid":{"rendered":"https:\/\/futonllit.com\/nueva\/?post_type=product&#038;p=102"},"modified":"2026-01-20T22:58:26","modified_gmt":"2026-01-20T22:58:26","slug":"luna","status":"publish","type":"product","link":"https:\/\/futonllit.com\/en\/shop\/luna\/","title":{"rendered":"Luna"},"content":{"rendered":"<p>The Luna bed frame is designed to hold tatami and has the distinctive trait of appearing suspended in the air, like a flying carpet. Thanks to its greater overall length, your tatami can be visible at both the sides and the foot of the bed.<\/p>","protected":false},"excerpt":{"rendered":"<p>Base de tatami fabricada en Italia, sin piezas met\u00e1licas (magnetic free), en madera maciza de haya. Dise\u00f1ada con un marco inferior ligeramente retra\u00eddo, que crea un interesante efecto de \u201csuspensi\u00f3n\u201d en el aire la base de tatami. Especialmente dise\u00f1ada para montar con tatami. El precio incluye tatamis (2 o 3 unidades en funci\u00f3n de las medidas). Disponible en color natural o en una amplia gama de tonos a elegir. Barnices naturales con base de aceite o agua que protegen la&#8230;<\/p>","protected":false},"featured_media":8430,"template":"","meta":[],"product_brand":[],"product_cat":[18],"product_tag":[],"class_list":{"0":"post-102","1":"product","2":"type-product","3":"status-publish","4":"has-post-thumbnail","6":"product_cat-tatamis","8":"first","9":"instock","10":"taxable","11":"shipping-taxable","12":"purchasable","13":"product-type-variable","14":"rtwpvs-product"},"_links":{"self":[{"href":"https:\/\/futonllit.com\/en\/wp-json\/wp\/v2\/product\/102","targetHints":{"allow":["GET"]}}],"collection":[{"href":"https:\/\/futonllit.com\/en\/wp-json\/wp\/v2\/product"}],"about":[{"href":"https:\/\/futonllit.com\/en\/wp-json\/wp\/v2\/types\/product"}],"wp:featuredmedia":[{"embeddable":true,"href":"https:\/\/futonllit.com\/en\/wp-json\/wp\/v2\/media\/8430"}],"wp:attachment":[{"href":"https:\/\/futonllit.com\/en\/wp-json\/wp\/v2\/media?parent=102"}],"wp:term":[{"taxonomy":"product_brand","embeddable":true,"href":"https:\/\/futonllit.com\/en\/wp-json\/wp\/v2\/product_brand?post=102"},{"taxonomy":"product_cat","embeddable":true,"href":"https:\/\/futonllit.com\/en\/wp-json\/wp\/v2\/product_cat?post=102"},{"taxonomy":"product_tag","embeddable":true,"href":"https:\/\/futonllit.com\/en\/wp-json\/wp\/v2\/product_tag?post=102"}],"curies":[{"name":"wp","href":"https:\/\/api.w.org\/{rel}","templated":true}]}}