{"id":100,"date":"2019-01-02T08:23:12","date_gmt":"2019-01-02T08:23:12","guid":{"rendered":"https:\/\/futonllit.com\/nueva\/?post_type=product&#038;p=100"},"modified":"2026-01-20T22:58:37","modified_gmt":"2026-01-20T22:58:37","slug":"dojo","status":"publish","type":"product","link":"https:\/\/futonllit.com\/en\/shop\/dojo\/","title":{"rendered":"Dojo \/ Dojo H"},"content":{"rendered":"<p>Ideal for those who appreciate the lightness of low beds and Japanese style If the structure of the bed is much wider than your choice of mattress you can leave out the nightstands.<\/p>\n<p class=\"translation-block\">To highlight the Tatami we recommend using mattresses of a smaller size than the frame.<\/p>\n<p><span id=\"result_box\" lang=\"es\"><span title=\"Sotto il Tatami sono comunque fornite le reti a doghe per agevolare la traspirazione del materasso. \">Under the tatami there is a slatted base to allow the tatami to breathe.<br \/>\n<\/span><\/span><\/p>\n<p><span id=\"result_box\" lang=\"es\"><span title=\"Disponibile anche nella variante Dojo H, con piedi di 10cm (o su misura). \u00a0\u00a0\u00a0\u00a0\">Variant of the classic Dojo, raised on legs of 10 cm or custom height.<br \/>\n<\/span><\/span><\/p>\n<ul>\n<li><span id=\"result_box\" lang=\"es\"><span title=\"Letto giapponese in faggio massello lamellare tutto ad incastro, senza parti metalliche (Magnetic Free) \u00a0\u00a0\u00a0\u00a0\">Interlocking assembly without metal parts (Magnetic Free).<\/span><\/span><\/li>\n<li><span id=\"result_box\" lang=\"es\"><span title=\"\u2013 \u00a0\u00a0\u00a0\u00a0\">Disponible en madera natural sin tratar o tratada con barnizes naturales (con base de aceite o agua) en varios colores a elegir abajo de la descripci\u00f3n.<br \/>\n<\/span><\/span><\/li>\n<li><span id=\"result_box\" lang=\"es\"><span title=\"Trattato su richiesta con oli impregnanti naturali \u00a0\u00a0\u00a0\u00a0\">Tambi\u00e9n disponible en <\/span><\/span><span id=\"result_box\" lang=\"es\"><span title=\"Disponibile anche su misura\">medidas especiales, bajo pedido.<br \/>\n<\/span><\/span><\/li>\n<\/ul>\n<p>The price includes 1, 2 or 3 tatami mats depending on the measurements of the base.<\/p>","protected":false},"excerpt":{"rendered":"<p>Base de tatami fabricada en Italia, sin piezas met\u00e1licas, en madera maciza de haya. Especialmente dise\u00f1ada para montar con tatami. Disponible en dos alturas: 7 y 16 cm La superficie del tatami puede ser mucho m\u00e1s amplia que el colch\u00f3n, disponiendo as\u00ed de un margen de tatami alrededor sobre el que podemos hacer vida, a la manera tradicional japonesa. Bajo el tatami incluye un somier de lamas de madera para mejorar la transpirabilidad del tatami y el colch\u00f3n. Tambi\u00e9n disponible&#8230;<\/p>","protected":false},"featured_media":8384,"template":"","meta":[],"product_brand":[],"product_cat":[18],"product_tag":[],"class_list":{"0":"post-100","1":"product","2":"type-product","3":"status-publish","4":"has-post-thumbnail","6":"product_cat-tatamis","8":"first","9":"instock","10":"taxable","11":"shipping-taxable","12":"purchasable","13":"product-type-variable","14":"rtwpvs-product"},"_links":{"self":[{"href":"https:\/\/futonllit.com\/en\/wp-json\/wp\/v2\/product\/100","targetHints":{"allow":["GET"]}}],"collection":[{"href":"https:\/\/futonllit.com\/en\/wp-json\/wp\/v2\/product"}],"about":[{"href":"https:\/\/futonllit.com\/en\/wp-json\/wp\/v2\/types\/product"}],"wp:featuredmedia":[{"embeddable":true,"href":"https:\/\/futonllit.com\/en\/wp-json\/wp\/v2\/media\/8384"}],"wp:attachment":[{"href":"https:\/\/futonllit.com\/en\/wp-json\/wp\/v2\/media?parent=100"}],"wp:term":[{"taxonomy":"product_brand","embeddable":true,"href":"https:\/\/futonllit.com\/en\/wp-json\/wp\/v2\/product_brand?post=100"},{"taxonomy":"product_cat","embeddable":true,"href":"https:\/\/futonllit.com\/en\/wp-json\/wp\/v2\/product_cat?post=100"},{"taxonomy":"product_tag","embeddable":true,"href":"https:\/\/futonllit.com\/en\/wp-json\/wp\/v2\/product_tag?post=100"}],"curies":[{"name":"wp","href":"https:\/\/api.w.org\/{rel}","templated":true}]}}