{"id":6064,"date":"2021-09-17T12:51:11","date_gmt":"2021-09-17T12:51:11","guid":{"rendered":"https:\/\/futonllit.com\/?post_type=product&#038;p=6064"},"modified":"2026-02-11T15:53:55","modified_gmt":"2026-02-11T15:53:55","slug":"impero","status":"publish","type":"product","link":"https:\/\/futonllit.com\/ca\/botiga\/impero\/","title":{"rendered":"Impero"},"content":{"rendered":"<p>Nova l\u00ednia de llits Salva Spazio: llit a la zona superior a una al\u00e7ada de 1.20 i un complet armari modular sota, a mida i totalment personalitzable amb calaixeres, prestatges, m\u00f2duls extra\u00efbles ... Fabricat a It\u00e0lia en fusta massissa de faig, disponible a diversos tons de vern\u00eds i acabats a elegir.<\/p>","protected":false},"excerpt":{"rendered":"<p class=\"translation-block\">Llit i armari, dos productes en un\n\nM\u00e0xim aprofitament de l'espai en el dormitori\n\nFusta massissa de faig i tatami japon\u00e8s\n\nPersonalitzable i a mida<\/p>","protected":false},"featured_media":8439,"template":"","meta":[],"product_brand":[],"product_cat":[188],"product_tag":[],"class_list":{"0":"post-6064","1":"product","2":"type-product","3":"status-publish","4":"has-post-thumbnail","6":"product_cat-salva-espacio","8":"first","9":"instock","10":"featured","11":"taxable","12":"shipping-taxable","13":"product-type-simple"},"_links":{"self":[{"href":"https:\/\/futonllit.com\/ca\/wp-json\/wp\/v2\/product\/6064","targetHints":{"allow":["GET"]}}],"collection":[{"href":"https:\/\/futonllit.com\/ca\/wp-json\/wp\/v2\/product"}],"about":[{"href":"https:\/\/futonllit.com\/ca\/wp-json\/wp\/v2\/types\/product"}],"wp:featuredmedia":[{"embeddable":true,"href":"https:\/\/futonllit.com\/ca\/wp-json\/wp\/v2\/media\/8439"}],"wp:attachment":[{"href":"https:\/\/futonllit.com\/ca\/wp-json\/wp\/v2\/media?parent=6064"}],"wp:term":[{"taxonomy":"product_brand","embeddable":true,"href":"https:\/\/futonllit.com\/ca\/wp-json\/wp\/v2\/product_brand?post=6064"},{"taxonomy":"product_cat","embeddable":true,"href":"https:\/\/futonllit.com\/ca\/wp-json\/wp\/v2\/product_cat?post=6064"},{"taxonomy":"product_tag","embeddable":true,"href":"https:\/\/futonllit.com\/ca\/wp-json\/wp\/v2\/product_tag?post=6064"}],"curies":[{"name":"wp","href":"https:\/\/api.w.org\/{rel}","templated":true}]}}