{"id":5813,"date":"2021-09-09T11:47:39","date_gmt":"2021-09-09T11:47:39","guid":{"rendered":"https:\/\/futonllit.com\/?post_type=product&#038;p=5813"},"modified":"2026-02-02T12:19:52","modified_gmt":"2026-02-02T12:19:52","slug":"sull-albero","status":"publish","type":"product","link":"https:\/\/futonllit.com\/ca\/botiga\/sull-albero\/","title":{"rendered":"Sull Albero"},"content":{"rendered":"<p>Casa Sull Albero \u00e9s un altell de fusta de faig mass\u00eds fabricat a It\u00e0lia. D'una altura mitjana (150-190\u00a0 cm), \u00e9s idoni per ser instal-lat en habitacions i estudis de sostre poc alt, y permet obtenir un espai de descans, amplio i confortable en la zona superior, i un estudi amb taula i escriptori a la part inferior. Permet m\u00faltiples configuracions a mesura, segons les necessitats de cada est\u00e0ncia. Estil y m\u00e1xima funcionalitat per la seva llar.<\/p>","protected":false},"excerpt":{"rendered":"<p>Casa Sull Albero \u00e9s un altell de fusta de faig mass\u00eds fabricat a It\u00e0lia. D'una altura mitjana (150-190\u00a0 cm), \u00e9s idoni per ser instal-lat en habitacions i estudis de sostre poc alt, y permet obtenir un espai de descans, amplio i confortable en la zona superior, i un estudi amb taula i escriptori a la part inferior. Permet m\u00faltiples configuracions a mesura, segons les necessitats de cada est\u00e0ncia. Estil y m\u00e1xima funcionalitat per la seva llar.<\/p>","protected":false},"featured_media":11437,"template":"","meta":[],"product_brand":[],"product_cat":[50],"product_tag":[],"class_list":{"0":"post-5813","1":"product","2":"type-product","3":"status-publish","4":"has-post-thumbnail","6":"product_cat-altillos","8":"first","9":"instock","10":"featured","11":"taxable","12":"shipping-taxable","13":"purchasable","14":"product-type-variable","15":"rtwpvs-product"},"_links":{"self":[{"href":"https:\/\/futonllit.com\/ca\/wp-json\/wp\/v2\/product\/5813","targetHints":{"allow":["GET"]}}],"collection":[{"href":"https:\/\/futonllit.com\/ca\/wp-json\/wp\/v2\/product"}],"about":[{"href":"https:\/\/futonllit.com\/ca\/wp-json\/wp\/v2\/types\/product"}],"wp:featuredmedia":[{"embeddable":true,"href":"https:\/\/futonllit.com\/ca\/wp-json\/wp\/v2\/media\/11437"}],"wp:attachment":[{"href":"https:\/\/futonllit.com\/ca\/wp-json\/wp\/v2\/media?parent=5813"}],"wp:term":[{"taxonomy":"product_brand","embeddable":true,"href":"https:\/\/futonllit.com\/ca\/wp-json\/wp\/v2\/product_brand?post=5813"},{"taxonomy":"product_cat","embeddable":true,"href":"https:\/\/futonllit.com\/ca\/wp-json\/wp\/v2\/product_cat?post=5813"},{"taxonomy":"product_tag","embeddable":true,"href":"https:\/\/futonllit.com\/ca\/wp-json\/wp\/v2\/product_tag?post=5813"}],"curies":[{"name":"wp","href":"https:\/\/api.w.org\/{rel}","templated":true}]}}