{"id":1937,"date":"2019-05-22T08:13:37","date_gmt":"2019-05-22T08:13:37","guid":{"rendered":"https:\/\/futonllit.com\/?post_type=product&#038;p=1937"},"modified":"2026-03-10T11:19:36","modified_gmt":"2026-03-10T11:19:36","slug":"roma","status":"publish","type":"product","link":"https:\/\/futonllit.com\/ca\/botiga\/roma\/","title":{"rendered":"Roma"},"content":{"rendered":"<p>Sof\u00e0 llit convertible fabricat a It\u00e0lia en fusta massissa de faig. Es converteix en un llit de 140 x 200 o de 160 x 200. Fusta natural sense tractament o amb vern\u00eds eco per triar dins d'una \u00e0mplia gamma de colors (vegeu la carta de colors m\u00e9s avall).<\/p>\n<p>El preu inclou un futon de 140 x 200 x 14 cm o de 160 x 200 x 14 cm de cot\u00f3 100%. Funda opcional de loneta de cot\u00f3 100% en el color que trieu (vegeu la carta de colors de fundes).<\/p>","protected":false},"excerpt":{"rendered":"<p>Fusta massissa de faig, amb 3 posicions, molt f\u00e0cil d'obrir i tancar. Inclou estructura + futon.<\/p>","protected":false},"featured_media":8517,"template":"","meta":[],"product_brand":[],"product_cat":[20],"product_tag":[],"class_list":{"0":"post-1937","1":"product","2":"type-product","3":"status-publish","4":"has-post-thumbnail","6":"product_cat-sofa-cama","8":"first","9":"instock","10":"taxable","11":"shipping-taxable","12":"purchasable","13":"product-type-variable","14":"rtwpvs-product"},"_links":{"self":[{"href":"https:\/\/futonllit.com\/ca\/wp-json\/wp\/v2\/product\/1937","targetHints":{"allow":["GET"]}}],"collection":[{"href":"https:\/\/futonllit.com\/ca\/wp-json\/wp\/v2\/product"}],"about":[{"href":"https:\/\/futonllit.com\/ca\/wp-json\/wp\/v2\/types\/product"}],"wp:featuredmedia":[{"embeddable":true,"href":"https:\/\/futonllit.com\/ca\/wp-json\/wp\/v2\/media\/8517"}],"wp:attachment":[{"href":"https:\/\/futonllit.com\/ca\/wp-json\/wp\/v2\/media?parent=1937"}],"wp:term":[{"taxonomy":"product_brand","embeddable":true,"href":"https:\/\/futonllit.com\/ca\/wp-json\/wp\/v2\/product_brand?post=1937"},{"taxonomy":"product_cat","embeddable":true,"href":"https:\/\/futonllit.com\/ca\/wp-json\/wp\/v2\/product_cat?post=1937"},{"taxonomy":"product_tag","embeddable":true,"href":"https:\/\/futonllit.com\/ca\/wp-json\/wp\/v2\/product_tag?post=1937"}],"curies":[{"name":"wp","href":"https:\/\/api.w.org\/{rel}","templated":true}]}}