{"id":149,"date":"2019-01-02T11:13:34","date_gmt":"2019-01-02T11:13:34","guid":{"rendered":"https:\/\/futonllit.com\/nueva\/?post_type=product&#038;p=149"},"modified":"2024-05-15T16:10:59","modified_gmt":"2024-05-15T16:10:59","slug":"tauleta-luna","status":"publish","type":"product","link":"https:\/\/futonllit.com\/ca\/botiga\/tauleta-luna\/","title":{"rendered":"Tauleta de nit Luna"},"content":{"rendered":"","protected":false},"excerpt":{"rendered":"<p>Tauleta de nit ideal per a col\u00b7locar-se damunt de la tarima de tatami o junt a una base de molt poca al\u00e7\u00e0ria. Fabricada en fusta massissa de faig amb una superf\u00edcie de tatami enlairable que serveix de petit calaix.<\/p>","protected":false},"featured_media":150,"template":"","meta":[],"product_brand":[],"product_cat":[22],"product_tag":[],"class_list":{"0":"post-149","1":"product","2":"type-product","3":"status-publish","4":"has-post-thumbnail","6":"product_cat-complementos","8":"first","9":"instock","10":"taxable","11":"shipping-taxable","12":"purchasable","13":"product-type-variable","14":"rtwpvs-product"},"_links":{"self":[{"href":"https:\/\/futonllit.com\/ca\/wp-json\/wp\/v2\/product\/149","targetHints":{"allow":["GET"]}}],"collection":[{"href":"https:\/\/futonllit.com\/ca\/wp-json\/wp\/v2\/product"}],"about":[{"href":"https:\/\/futonllit.com\/ca\/wp-json\/wp\/v2\/types\/product"}],"wp:featuredmedia":[{"embeddable":true,"href":"https:\/\/futonllit.com\/ca\/wp-json\/wp\/v2\/media\/150"}],"wp:attachment":[{"href":"https:\/\/futonllit.com\/ca\/wp-json\/wp\/v2\/media?parent=149"}],"wp:term":[{"taxonomy":"product_brand","embeddable":true,"href":"https:\/\/futonllit.com\/ca\/wp-json\/wp\/v2\/product_brand?post=149"},{"taxonomy":"product_cat","embeddable":true,"href":"https:\/\/futonllit.com\/ca\/wp-json\/wp\/v2\/product_cat?post=149"},{"taxonomy":"product_tag","embeddable":true,"href":"https:\/\/futonllit.com\/ca\/wp-json\/wp\/v2\/product_tag?post=149"}],"curies":[{"name":"wp","href":"https:\/\/api.w.org\/{rel}","templated":true}]}}