{"id":147,"date":"2019-01-02T11:12:34","date_gmt":"2019-01-02T11:12:34","guid":{"rendered":"https:\/\/futonllit.com\/nueva\/?post_type=product&#038;p=147"},"modified":"2026-01-19T22:49:59","modified_gmt":"2026-01-19T22:49:59","slug":"cadira-ergo","status":"publish","type":"product","link":"https:\/\/futonllit.com\/ca\/botiga\/cadira-ergo\/","title":{"rendered":"Cadira ergon\u00f2mica"},"content":{"rendered":"","protected":false},"excerpt":{"rendered":"<p>Cadira ergon\u00f2mica feta de fusta massissa d'hevea en color natural. Al\u00e7\u00e0ria regulable en 3 posicions. La posici\u00f3 del banc i la base de suport per a les cames afavoreixen una postura correcta de l'esquena. Coix\u00ed de color cru.<\/p>","protected":false},"featured_media":11443,"template":"","meta":[],"product_brand":[],"product_cat":[22],"product_tag":[],"class_list":{"0":"post-147","1":"product","2":"type-product","3":"status-publish","4":"has-post-thumbnail","6":"product_cat-complementos","8":"first","9":"instock","10":"taxable","11":"shipping-taxable","12":"purchasable","13":"product-type-simple"},"_links":{"self":[{"href":"https:\/\/futonllit.com\/ca\/wp-json\/wp\/v2\/product\/147","targetHints":{"allow":["GET"]}}],"collection":[{"href":"https:\/\/futonllit.com\/ca\/wp-json\/wp\/v2\/product"}],"about":[{"href":"https:\/\/futonllit.com\/ca\/wp-json\/wp\/v2\/types\/product"}],"wp:featuredmedia":[{"embeddable":true,"href":"https:\/\/futonllit.com\/ca\/wp-json\/wp\/v2\/media\/11443"}],"wp:attachment":[{"href":"https:\/\/futonllit.com\/ca\/wp-json\/wp\/v2\/media?parent=147"}],"wp:term":[{"taxonomy":"product_brand","embeddable":true,"href":"https:\/\/futonllit.com\/ca\/wp-json\/wp\/v2\/product_brand?post=147"},{"taxonomy":"product_cat","embeddable":true,"href":"https:\/\/futonllit.com\/ca\/wp-json\/wp\/v2\/product_cat?post=147"},{"taxonomy":"product_tag","embeddable":true,"href":"https:\/\/futonllit.com\/ca\/wp-json\/wp\/v2\/product_tag?post=147"}],"curies":[{"name":"wp","href":"https:\/\/api.w.org\/{rel}","templated":true}]}}