{"id":14095,"date":"2025-12-12T18:41:58","date_gmt":"2025-12-12T18:41:58","guid":{"rendered":"https:\/\/futonllit.com\/?post_type=product&#038;p=14095"},"modified":"2026-03-26T11:29:31","modified_gmt":"2026-03-26T11:29:31","slug":"base-tatami-nokido-oferta","status":"publish","type":"product","link":"https:\/\/futonllit.com\/ca\/botiga\/base-tatami-nokido-oferta\/","title":{"rendered":"Oferta Base Tatami Nokido"},"content":{"rendered":"<p>Nokido \u00e9s una tarima s\u00f2lida de pi escandinau que conserva tota l'autenticitat de l'estil original japon\u00e8s. S'adapta a habitacions amb sostres baixos o sostres inclinats, i \u00e9s perfecta per als amants dels llits baixos que incorporin el tradicional tatami. Tamb\u00e9 es pot fer servir amb somier de l\u00e0mines de fusta, sense tatami. El muntatge \u00e9s molt senzill, per encaixos, pr\u00e0cticament sense peces met\u00e0l\u00b7liques, i es troba disponible en fusta crua o en diversos colors. L\u2019al\u00e7\u00e0ria total amb un matal\u00e0s de 15\/16 cm col\u00b7locat sobre el tatami \u00e9s d'aproximadament 29 cm. Es pot combinar amb un cap\u00e7al de futon de cot\u00f3 pur, amb una coberta de cot\u00f3 desenfundable. Disponible en 4 mides est\u00e0ndard, tamb\u00e9 es pot fabricar a mida, si ho sol\u00b7liciteu. El preu inclou 1, 2 o 3 tatamis en funci\u00f3 de les mides de la base.<\/p>","protected":false},"excerpt":{"rendered":"<p><span data-b619ae13-444b-41fc-b2ef-b4d00162df00-7=\"true\">Base Tatami Nokido 160x 200 cm (medida exterior 166 x 206 cm. Altura 13 cm).<br \/>\nIncuye 2 unidades de tatami de 80 x 200cm. Estructura de madera maciza de pino. Fabricada en Italia.<\/span><\/p>","protected":false},"featured_media":8381,"template":"","meta":[],"product_brand":[],"product_cat":[15],"product_tag":[],"class_list":{"0":"post-14095","1":"product","2":"type-product","3":"status-publish","4":"has-post-thumbnail","6":"product_cat-ofertas","8":"first","9":"instock","10":"sale","11":"featured","12":"sold-individually","13":"taxable","14":"shipping-taxable","15":"purchasable","16":"product-type-simple"},"_links":{"self":[{"href":"https:\/\/futonllit.com\/ca\/wp-json\/wp\/v2\/product\/14095","targetHints":{"allow":["GET"]}}],"collection":[{"href":"https:\/\/futonllit.com\/ca\/wp-json\/wp\/v2\/product"}],"about":[{"href":"https:\/\/futonllit.com\/ca\/wp-json\/wp\/v2\/types\/product"}],"wp:featuredmedia":[{"embeddable":true,"href":"https:\/\/futonllit.com\/ca\/wp-json\/wp\/v2\/media\/8381"}],"wp:attachment":[{"href":"https:\/\/futonllit.com\/ca\/wp-json\/wp\/v2\/media?parent=14095"}],"wp:term":[{"taxonomy":"product_brand","embeddable":true,"href":"https:\/\/futonllit.com\/ca\/wp-json\/wp\/v2\/product_brand?post=14095"},{"taxonomy":"product_cat","embeddable":true,"href":"https:\/\/futonllit.com\/ca\/wp-json\/wp\/v2\/product_cat?post=14095"},{"taxonomy":"product_tag","embeddable":true,"href":"https:\/\/futonllit.com\/ca\/wp-json\/wp\/v2\/product_tag?post=14095"}],"curies":[{"name":"wp","href":"https:\/\/api.w.org\/{rel}","templated":true}]}}