{"id":13997,"date":"2025-12-12T18:35:16","date_gmt":"2025-12-12T18:35:16","guid":{"rendered":"https:\/\/futonllit.com\/?post_type=product&#038;p=13997"},"modified":"2026-01-05T12:30:23","modified_gmt":"2026-01-05T12:30:23","slug":"base-tatami-dojo-oferta","status":"publish","type":"product","link":"https:\/\/futonllit.com\/ca\/botiga\/base-tatami-dojo-oferta\/","title":{"rendered":"Oferta Base Tatami DOJO"},"content":{"rendered":"<p>Base de tatami fabricada a It\u00e0lia, sense peces met\u00e0l\u00b7liques, en fusta massissa de faig. Especialment dissenyada per a muntar-se amb tatami. Disponible en dues al\u00e7\u00e0ries: 7 i 16 cm.<\/p>\n<p><span id=\"result_box\" lang=\"es\"><span title=\"Il Letto Dojo \u00e8 ideale per chi apprezza la leggerezza dei letti bassi e lo stile giapponese, con la sua cornice in faggio massello lamellare - senza parti metalliche (Magnetic Free) - che cinge il Tatami. \">La superficie del tatami puede\u00a0<\/span><span title=\"Se la struttura del letto viene scelta molto pi\u00f9 ampia del materasso, si pu\u00f2 fare a meno dei comodini e al contempo mettere in risalto il Tatami. \">ser mucho m\u00e1s amplia que el colch\u00f3n, disponiendo as\u00ed de un margen de tatami alrededor sobre el que podemos hacer vida, a la manera tradicional japonesa.<br \/>\n<\/span><\/span><\/p>\n<p><span id=\"result_box\" lang=\"es\"><span title=\"Sotto il Tatami sono comunque fornite le reti a doghe per agevolare la traspirazione del materasso. \">Sota el tatami hi ha un somier de l\u00e0mines de fusta per a millorar la transpirabilitat del tatami i del matal\u00e0s.<br \/>\n<\/span><\/span><\/p>\n<p><span id=\"result_box\" lang=\"es\"><span title=\"Disponibile anche nella variante Dojo H, con piedi di 10cm (o su misura). \u00a0\u00a0\u00a0\u00a0\">Tamb\u00e9 es troba disponible en la versi\u00f3 Dojo H, amb peus 10 cent\u00edmetres m\u00e9s alts.<br \/>\n<\/span><\/span><\/p>\n<ul>\n<li><span id=\"result_box\" lang=\"es\"><span title=\"Letto giapponese in faggio massello lamellare tutto ad incastro, senza parti metalliche (Magnetic Free) \u00a0\u00a0\u00a0\u00a0\">Llit japon\u00e8s de fusta massissa de faig laminada, engalzada amb encaixos de fusta, sense peces ni ferramentes met\u00e0l\u00b7liques (magnetic free).<\/span><\/span><\/li>\n<li><span id=\"result_box\" lang=\"es\"><span title=\"\u2013 \u00a0\u00a0\u00a0\u00a0\">Disponible en fusta natural sense tractament o tractada amb vernissos naturals (amb base d\u2019oli o aigua) en diversos colors per triar, especificats sota la descripci\u00f3.<br \/>\n<\/span><\/span><\/li>\n<li><span id=\"result_box\" lang=\"es\"><span title=\"Trattato su richiesta con oli impregnanti naturali \u00a0\u00a0\u00a0\u00a0\">Tambi\u00e9n disponible en\u00a0<\/span><\/span><span id=\"result_box\" lang=\"es\"><span title=\"Disponibile anche su misura\">medidas especiales, bajo pedido.<br \/>\n<\/span><\/span><\/li>\n<\/ul>\n<p>El preu inclou tatamis (1, 2 o 3 unitats, en funci\u00f3 de les mides de la base).<\/p>","protected":false},"excerpt":{"rendered":"<p class=\"translation-block\">Per canvi d'exposici\u00f3 Base Dojo amb 2 tatami de 80 x 200.<br>\nMesura interior 160 x 200 |  Mesura exterior 176 x 216.<br>\nAltura 7 cm.<br>\nVern\u00eds Noguera fosca.<br>\nInclou marc de fusta massissa de faig vernissat en color noguera fosca, somier de l\u00e0mines de fusta i 2 unitats de tatami de 80 x 200 cm.<\/p>","protected":false},"featured_media":8384,"template":"","meta":[],"product_brand":[],"product_cat":[15],"product_tag":[],"class_list":{"0":"post-13997","1":"product","2":"type-product","3":"status-publish","4":"has-post-thumbnail","6":"product_cat-ofertas","8":"first","9":"instock","10":"sale","11":"featured","12":"taxable","13":"shipping-taxable","14":"purchasable","15":"product-type-simple"},"_links":{"self":[{"href":"https:\/\/futonllit.com\/ca\/wp-json\/wp\/v2\/product\/13997","targetHints":{"allow":["GET"]}}],"collection":[{"href":"https:\/\/futonllit.com\/ca\/wp-json\/wp\/v2\/product"}],"about":[{"href":"https:\/\/futonllit.com\/ca\/wp-json\/wp\/v2\/types\/product"}],"wp:featuredmedia":[{"embeddable":true,"href":"https:\/\/futonllit.com\/ca\/wp-json\/wp\/v2\/media\/8384"}],"wp:attachment":[{"href":"https:\/\/futonllit.com\/ca\/wp-json\/wp\/v2\/media?parent=13997"}],"wp:term":[{"taxonomy":"product_brand","embeddable":true,"href":"https:\/\/futonllit.com\/ca\/wp-json\/wp\/v2\/product_brand?post=13997"},{"taxonomy":"product_cat","embeddable":true,"href":"https:\/\/futonllit.com\/ca\/wp-json\/wp\/v2\/product_cat?post=13997"},{"taxonomy":"product_tag","embeddable":true,"href":"https:\/\/futonllit.com\/ca\/wp-json\/wp\/v2\/product_tag?post=13997"}],"curies":[{"name":"wp","href":"https:\/\/api.w.org\/{rel}","templated":true}]}}