{"id":139,"date":"2019-01-02T11:06:44","date_gmt":"2019-01-02T11:06:44","guid":{"rendered":"https:\/\/futonllit.com\/nueva\/?post_type=product&#038;p=139"},"modified":"2025-11-22T16:37:28","modified_gmt":"2025-11-22T16:37:28","slug":"futon-latex","status":"publish","type":"product","link":"https:\/\/futonllit.com\/ca\/botiga\/futon-latex\/","title":{"rendered":"Futon l\u00e0tex"},"content":{"rendered":"<p>El futon-l\u00e0tex constitueix la base id\u00f2nia per al descans saludable, ja que combina les qualitats de dues fibres totalment naturals. Cot\u00f3 pur especialment tractat per a la confecci\u00f3 del futon i disposat en capes compactes de 8 cent\u00edmetres de gruix, i amb un nucli de l\u00e0tex natural de 10 cent\u00edmetres d\u2019un nivell de puresa del 60% i densitat alta del 80%. La qualitat i l'origen natural del nostre matal\u00e0s de l\u00e0tex (el l\u00e0tex procedeix d'una resina que s\u2019extreu de l'arbre del cautx\u00fa, l\u2019Hevea brasiliensis) i l'abs\u00e8ncia de subst\u00e0ncies sint\u00e8tiques nocives estan certificats per l'ag\u00e8ncia alemanya de control de qualitat Eco.<\/p>","protected":false},"excerpt":{"rendered":"<p>El fut\u00f3n-l\u00e1tex constituye una base id\u00f3nea para el descanso saludable, ya que combina las cualidades de dos fibras totalmente naturales. Algod\u00f3n puro especialmente tratado para la confecci\u00f3n del fut\u00f3n y dispuesto en capas compactas de 8 cent\u00edmetros de grosor, y n\u00facleo interno de l\u00e1tex natural de 10 cent\u00edmetros con un nivel de pureza del 60% y densidad alta del 80%. La calidad y origen natural de nuestro colch\u00f3n de l\u00e1tex (el l\u00e1tex procede de una resina extra\u00edda del \u00e1rbol del&#8230;<\/p>","protected":false},"featured_media":8562,"template":"","meta":[],"product_brand":[],"product_cat":[21],"product_tag":[],"class_list":{"0":"post-139","1":"product","2":"type-product","3":"status-publish","4":"has-post-thumbnail","6":"product_cat-futon","8":"first","9":"instock","10":"taxable","11":"shipping-taxable","12":"purchasable","13":"product-type-variable","14":"rtwpvs-product"},"_links":{"self":[{"href":"https:\/\/futonllit.com\/ca\/wp-json\/wp\/v2\/product\/139","targetHints":{"allow":["GET"]}}],"collection":[{"href":"https:\/\/futonllit.com\/ca\/wp-json\/wp\/v2\/product"}],"about":[{"href":"https:\/\/futonllit.com\/ca\/wp-json\/wp\/v2\/types\/product"}],"wp:featuredmedia":[{"embeddable":true,"href":"https:\/\/futonllit.com\/ca\/wp-json\/wp\/v2\/media\/8562"}],"wp:attachment":[{"href":"https:\/\/futonllit.com\/ca\/wp-json\/wp\/v2\/media?parent=139"}],"wp:term":[{"taxonomy":"product_brand","embeddable":true,"href":"https:\/\/futonllit.com\/ca\/wp-json\/wp\/v2\/product_brand?post=139"},{"taxonomy":"product_cat","embeddable":true,"href":"https:\/\/futonllit.com\/ca\/wp-json\/wp\/v2\/product_cat?post=139"},{"taxonomy":"product_tag","embeddable":true,"href":"https:\/\/futonllit.com\/ca\/wp-json\/wp\/v2\/product_tag?post=139"}],"curies":[{"name":"wp","href":"https:\/\/api.w.org\/{rel}","templated":true}]}}