{"id":135,"date":"2019-01-02T11:04:06","date_gmt":"2019-01-02T11:04:06","guid":{"rendered":"https:\/\/futonllit.com\/nueva\/?post_type=product&#038;p=135"},"modified":"2024-05-15T16:11:49","modified_gmt":"2024-05-15T16:11:49","slug":"futon","status":"publish","type":"product","link":"https:\/\/futonllit.com\/ca\/botiga\/futon\/","title":{"rendered":"Futon +"},"content":{"rendered":"<p>A mig cam\u00ed entre el matal\u00e0s de l\u00e0tex i el futon cl\u00e0ssic. Vuit cent\u00edmetres de capes de cot\u00f3 pur que recobreixen un nucli de 4 cent\u00edmetres de l\u00e0tex. Aporta les qualitats d\u2019elasticitat i durabilitat del nucli de l\u00e0tex natural sense renunciar a l'ess\u00e8ncia del matal\u00e0s tradicional japon\u00e8s.<\/p>","protected":false},"excerpt":{"rendered":"<p>A mig cam\u00ed entre el matal\u00e0s de l\u00e0tex i el futon cl\u00e0ssic. Vuit cent\u00edmetres de capes de cot\u00f3 pur que recobreixen un nucli de 4 cent\u00edmetres de l\u00e0tex. Aporta les qualitats d\u2019elasticitat i durabilitat del nucli de l\u00e0tex natural sense renunciar a l'ess\u00e8ncia del matal\u00e0s tradicional japon\u00e8s.<\/p>","protected":false},"featured_media":8562,"template":"","meta":[],"product_brand":[],"product_cat":[21],"product_tag":[],"class_list":{"0":"post-135","1":"product","2":"type-product","3":"status-publish","4":"has-post-thumbnail","6":"product_cat-futon","8":"first","9":"instock","10":"featured","11":"taxable","12":"shipping-taxable","13":"purchasable","14":"product-type-variable","15":"rtwpvs-product"},"_links":{"self":[{"href":"https:\/\/futonllit.com\/ca\/wp-json\/wp\/v2\/product\/135","targetHints":{"allow":["GET"]}}],"collection":[{"href":"https:\/\/futonllit.com\/ca\/wp-json\/wp\/v2\/product"}],"about":[{"href":"https:\/\/futonllit.com\/ca\/wp-json\/wp\/v2\/types\/product"}],"wp:featuredmedia":[{"embeddable":true,"href":"https:\/\/futonllit.com\/ca\/wp-json\/wp\/v2\/media\/8562"}],"wp:attachment":[{"href":"https:\/\/futonllit.com\/ca\/wp-json\/wp\/v2\/media?parent=135"}],"wp:term":[{"taxonomy":"product_brand","embeddable":true,"href":"https:\/\/futonllit.com\/ca\/wp-json\/wp\/v2\/product_brand?post=135"},{"taxonomy":"product_cat","embeddable":true,"href":"https:\/\/futonllit.com\/ca\/wp-json\/wp\/v2\/product_cat?post=135"},{"taxonomy":"product_tag","embeddable":true,"href":"https:\/\/futonllit.com\/ca\/wp-json\/wp\/v2\/product_tag?post=135"}],"curies":[{"name":"wp","href":"https:\/\/api.w.org\/{rel}","templated":true}]}}