{"id":133,"date":"2019-01-02T11:02:34","date_gmt":"2019-01-02T11:02:34","guid":{"rendered":"https:\/\/futonllit.com\/nueva\/?post_type=product&#038;p=133"},"modified":"2026-04-28T15:55:36","modified_gmt":"2026-04-28T15:55:36","slug":"futon-standard","status":"publish","type":"product","link":"https:\/\/futonllit.com\/ca\/botiga\/futon-standard\/","title":{"rendered":"Futon standard"},"content":{"rendered":"<p>Fut\u00f3n tradicional de algod\u00f3n 100%. Confeccionado a mano con capas de algod\u00f3n puro superpuestas y fijadas mediante un sistema de cosido especial que evita que el algod\u00f3n se desplace o deforme.<br \/>\nConfeccionado a mano con capas de algod\u00f3n puro superpuestas y fijadas mediante un sistema de cosido especial que evita que el algod\u00f3n se desplace o deforme. El grosor puede oscilar entre los 4 y los 14 cent\u00edmetros, en funci\u00f3n del grado de dureza deseado. El fut\u00f3n de algod\u00f3n requiere algunos cuidados b\u00e1sicos. Hay que situarlo sobre una superficie firme que permita la circulaci\u00f3n del aire, ya sea un somier de madera o un tatami. Es conveniente airearlo con regularidad. Tambi\u00e9n aconsejamos doblarlo y darle la vuelta de vez en cuando, a fin de que el algod\u00f3n no se apelmace.<\/p>","protected":false},"excerpt":{"rendered":"<p>Fut\u00f3n tradicional de algod\u00f3n 100%. Confeccionado a mano con capas de algod\u00f3n puro superpuestas y fijadas mediante un sistema de cosido especial que evita que el algod\u00f3n se desplace o deforme. Confeccionado a mano con capas de algod\u00f3n puro superpuestas y fijadas mediante un sistema de cosido especial que evita que el algod\u00f3n se desplace o deforme. El grosor puede oscilar entre los 4 y los 14 cent\u00edmetros, en funci\u00f3n del grado de dureza deseado. El fut\u00f3n de algod\u00f3n requiere&#8230;<\/p>","protected":false},"featured_media":8562,"template":"","meta":[],"product_brand":[],"product_cat":[21],"product_tag":[],"class_list":{"0":"post-133","1":"product","2":"type-product","3":"status-publish","4":"has-post-thumbnail","6":"product_cat-futon","8":"first","9":"instock","10":"taxable","11":"shipping-taxable","12":"purchasable","13":"product-type-variable","14":"rtwpvs-product"},"_links":{"self":[{"href":"https:\/\/futonllit.com\/ca\/wp-json\/wp\/v2\/product\/133","targetHints":{"allow":["GET"]}}],"collection":[{"href":"https:\/\/futonllit.com\/ca\/wp-json\/wp\/v2\/product"}],"about":[{"href":"https:\/\/futonllit.com\/ca\/wp-json\/wp\/v2\/types\/product"}],"wp:featuredmedia":[{"embeddable":true,"href":"https:\/\/futonllit.com\/ca\/wp-json\/wp\/v2\/media\/8562"}],"wp:attachment":[{"href":"https:\/\/futonllit.com\/ca\/wp-json\/wp\/v2\/media?parent=133"}],"wp:term":[{"taxonomy":"product_brand","embeddable":true,"href":"https:\/\/futonllit.com\/ca\/wp-json\/wp\/v2\/product_brand?post=133"},{"taxonomy":"product_cat","embeddable":true,"href":"https:\/\/futonllit.com\/ca\/wp-json\/wp\/v2\/product_cat?post=133"},{"taxonomy":"product_tag","embeddable":true,"href":"https:\/\/futonllit.com\/ca\/wp-json\/wp\/v2\/product_tag?post=133"}],"curies":[{"name":"wp","href":"https:\/\/api.w.org\/{rel}","templated":true}]}}