{"id":13200,"date":"2024-12-16T11:03:21","date_gmt":"2024-12-16T11:03:21","guid":{"rendered":"https:\/\/futonllit.com\/?post_type=product&#038;p=13200"},"modified":"2026-02-11T15:42:14","modified_gmt":"2026-02-11T15:42:14","slug":"cama-eco","status":"publish","type":"product","link":"https:\/\/futonllit.com\/ca\/botiga\/cama-eco\/","title":{"rendered":"Llit Eco"},"content":{"rendered":"<p class=\"translation-block\">Llit que estalvia espai amb un disseny \u00fanic, l'Eco Bed \u00e9s un llit amb magatzematge molt gran feta d'aut\u00e8ntica fusta massissa.<br>\nEs tracta d'un llit de fusta massissa de faig amb amplis calaixos, ideal per a optimitzar espais redu\u00efts. Fabricada a It\u00e0lia.<br>\nL'Eco Bed es pot fabricar a mesura -tant en acabats com en dimensions-, per la qual cosa s'adapta a qualsevol dormitori.<\/p>\n<p>Cajones opcionales. Se pueden incorporar hasta un m\u00e1ximo de 4 amplios cajones que se venden a parte.<\/p>","protected":false},"excerpt":{"rendered":"<p>Cama que ahorra espacio con un dise\u00f1o \u00fanico, la Eco Bed es una cama con almacenaje muy grande hecha de aut\u00e9ntica madera maciza. Se trata de una cama de madera maciza de haya con amplios cajones, ideal para optimizar espacios reducidos. Fabricada en Italia. La Eco Bed se puede fabricar a medida -tanto en acabados como en dimensiones-, por lo que se adapta a cualquier dormitorio. Cajones opcionales. Se pueden incorporar hasta un m\u00e1ximo de 4 amplios cajones que se&#8230;<\/p>","protected":false},"featured_media":13204,"template":"","meta":[],"product_brand":[],"product_cat":[19],"product_tag":[],"class_list":{"0":"post-13200","1":"product","2":"type-product","3":"status-publish","4":"has-post-thumbnail","6":"product_cat-camas","8":"first","9":"instock","10":"taxable","11":"shipping-taxable","12":"purchasable","13":"product-type-simple"},"_links":{"self":[{"href":"https:\/\/futonllit.com\/ca\/wp-json\/wp\/v2\/product\/13200","targetHints":{"allow":["GET"]}}],"collection":[{"href":"https:\/\/futonllit.com\/ca\/wp-json\/wp\/v2\/product"}],"about":[{"href":"https:\/\/futonllit.com\/ca\/wp-json\/wp\/v2\/types\/product"}],"wp:featuredmedia":[{"embeddable":true,"href":"https:\/\/futonllit.com\/ca\/wp-json\/wp\/v2\/media\/13204"}],"wp:attachment":[{"href":"https:\/\/futonllit.com\/ca\/wp-json\/wp\/v2\/media?parent=13200"}],"wp:term":[{"taxonomy":"product_brand","embeddable":true,"href":"https:\/\/futonllit.com\/ca\/wp-json\/wp\/v2\/product_brand?post=13200"},{"taxonomy":"product_cat","embeddable":true,"href":"https:\/\/futonllit.com\/ca\/wp-json\/wp\/v2\/product_cat?post=13200"},{"taxonomy":"product_tag","embeddable":true,"href":"https:\/\/futonllit.com\/ca\/wp-json\/wp\/v2\/product_tag?post=13200"}],"curies":[{"name":"wp","href":"https:\/\/api.w.org\/{rel}","templated":true}]}}