{"id":129,"date":"2019-01-02T09:34:39","date_gmt":"2019-01-02T09:34:39","guid":{"rendered":"https:\/\/futonllit.com\/nueva\/?post_type=product&#038;p=129"},"modified":"2026-02-11T15:51:05","modified_gmt":"2026-02-11T15:51:05","slug":"sole","status":"publish","type":"product","link":"https:\/\/futonllit.com\/ca\/botiga\/sole\/","title":{"rendered":"Sole"},"content":{"rendered":"<p>Sof\u00e0 llit individual fabricat en fusta massissa de pi. Es converteix en un c\u00f2mode llit simplement recolzant-se en els reposabra\u00e7os. Tamb\u00e9 t\u00e9 una posici\u00f3 interm\u00e8dia tipus chaise-longue amb un sol reposabra\u00e7os reclinat.<\/p>\n<p><span id=\"m_1631020573795652892result_box\" lang=\"es\"><span title=\"Vari accessori abbinati: comodini (anche sospesi), testate, cassettiere, Tatami e contenitori sottoletto (vedi) \u00a0\u00a0\u00a0\u00a0\"><span title=\"Il Letto Tokyo F, interamente realizzato in solido legno massello di faggio lamellare, si adatta a qualsiasi ambiente grazie alla sua semplicit\u00e0 ed alle numerose possibilit\u00e0 di personalizzazione. \"><span title=\"Letto giapponese ad incastro con struttura geometrica che rispetta le proporzioni dello stile giapponese. \u00a0\u00a0\u00a0\u00a0\">Es pot completar amb un ampli calaix frontal (opcional).<\/span><\/span><\/span><\/span><\/p>","protected":false},"excerpt":{"rendered":"<p>Sof\u00e1 160 x 80 cm \/ Cama 200 x 80 cm<\/p>","protected":false},"featured_media":8541,"template":"","meta":[],"product_brand":[],"product_cat":[20],"product_tag":[],"class_list":{"0":"post-129","1":"product","2":"type-product","3":"status-publish","4":"has-post-thumbnail","6":"product_cat-sofa-cama","8":"first","9":"instock","10":"taxable","11":"shipping-taxable","12":"purchasable","13":"product-type-simple"},"_links":{"self":[{"href":"https:\/\/futonllit.com\/ca\/wp-json\/wp\/v2\/product\/129","targetHints":{"allow":["GET"]}}],"collection":[{"href":"https:\/\/futonllit.com\/ca\/wp-json\/wp\/v2\/product"}],"about":[{"href":"https:\/\/futonllit.com\/ca\/wp-json\/wp\/v2\/types\/product"}],"wp:featuredmedia":[{"embeddable":true,"href":"https:\/\/futonllit.com\/ca\/wp-json\/wp\/v2\/media\/8541"}],"wp:attachment":[{"href":"https:\/\/futonllit.com\/ca\/wp-json\/wp\/v2\/media?parent=129"}],"wp:term":[{"taxonomy":"product_brand","embeddable":true,"href":"https:\/\/futonllit.com\/ca\/wp-json\/wp\/v2\/product_brand?post=129"},{"taxonomy":"product_cat","embeddable":true,"href":"https:\/\/futonllit.com\/ca\/wp-json\/wp\/v2\/product_cat?post=129"},{"taxonomy":"product_tag","embeddable":true,"href":"https:\/\/futonllit.com\/ca\/wp-json\/wp\/v2\/product_tag?post=129"}],"curies":[{"name":"wp","href":"https:\/\/api.w.org\/{rel}","templated":true}]}}