{"id":123,"date":"2019-01-02T09:30:47","date_gmt":"2019-01-02T09:30:47","guid":{"rendered":"https:\/\/futonllit.com\/nueva\/?post_type=product&#038;p=123"},"modified":"2026-02-11T15:51:58","modified_gmt":"2026-02-11T15:51:58","slug":"luce","status":"publish","type":"product","link":"https:\/\/futonllit.com\/ca\/botiga\/luce\/","title":{"rendered":"Luce"},"content":{"rendered":"<p>Sof\u00e0 llit convertible fabricat a It\u00e0lia en fusta massissa de faig. Es converteix en un llit de 140 x 200 amb un senzill sistema d'obertura tipus llibre. M\u00e0xima robustesa i disseny elegant per al sal\u00f3 de casa o com a llit auxiliar per a convidats. Inclou un futon d\u2019alta qualitat de cot\u00f3 100% de 140 x 200 cm, amb un gruix de 14\u00a0cm. Hi ha l\u2019opci\u00f3 amb funda de loneta de cot\u00f3 100% en una \u00e0mplia gamma de colors per triar.<\/p>","protected":false},"excerpt":{"rendered":"<p>Sof\u00e1 210 x 100 cm \/ Cama 210 x 140 cm<\/p>","protected":false},"featured_media":8550,"template":"","meta":[],"product_brand":[],"product_cat":[20],"product_tag":[],"class_list":{"0":"post-123","1":"product","2":"type-product","3":"status-publish","4":"has-post-thumbnail","6":"product_cat-sofa-cama","8":"first","9":"instock","10":"taxable","11":"shipping-taxable","12":"purchasable","13":"product-type-simple"},"_links":{"self":[{"href":"https:\/\/futonllit.com\/ca\/wp-json\/wp\/v2\/product\/123","targetHints":{"allow":["GET"]}}],"collection":[{"href":"https:\/\/futonllit.com\/ca\/wp-json\/wp\/v2\/product"}],"about":[{"href":"https:\/\/futonllit.com\/ca\/wp-json\/wp\/v2\/types\/product"}],"wp:featuredmedia":[{"embeddable":true,"href":"https:\/\/futonllit.com\/ca\/wp-json\/wp\/v2\/media\/8550"}],"wp:attachment":[{"href":"https:\/\/futonllit.com\/ca\/wp-json\/wp\/v2\/media?parent=123"}],"wp:term":[{"taxonomy":"product_brand","embeddable":true,"href":"https:\/\/futonllit.com\/ca\/wp-json\/wp\/v2\/product_brand?post=123"},{"taxonomy":"product_cat","embeddable":true,"href":"https:\/\/futonllit.com\/ca\/wp-json\/wp\/v2\/product_cat?post=123"},{"taxonomy":"product_tag","embeddable":true,"href":"https:\/\/futonllit.com\/ca\/wp-json\/wp\/v2\/product_tag?post=123"}],"curies":[{"name":"wp","href":"https:\/\/api.w.org\/{rel}","templated":true}]}}