{"id":12230,"date":"2023-03-29T11:48:32","date_gmt":"2023-03-29T11:48:32","guid":{"rendered":"https:\/\/futonllit.com\/?post_type=product&#038;p=12230"},"modified":"2024-03-19T11:08:45","modified_gmt":"2024-03-19T11:08:45","slug":"futon-doble-coco-doble-latex","status":"publish","type":"product","link":"https:\/\/futonllit.com\/ca\/botiga\/futon-doble-coco-doble-latex\/","title":{"rendered":"Futon Doble Coco + Doble l\u00e1tex"},"content":{"rendered":"<p>Algod\u00f3n (lado verano), lana (lado invierno) m\u00e1s dos capas de l\u00e1tex natural para ofrecer elasticidad y confort, y dos capas de fibra vegetal de coco que le aportan un grado alto de firmeza. Nuestro nuevo Futon de gama \u00abpremium\u00bb que combina 4 fibras naturales (lana, algod\u00f3n, fibra vegetal de coco y l\u00e1tex natural) para un descanso reparador y saludable. Larga durabilidad (10 a\u00f1os) sin necesidad de mover, dar la vuelta ni ning\u00fan otro tipo de mantenimiento.<\/p>","protected":false},"excerpt":{"rendered":"<p>Algod\u00f3n (lado verano), lana (lado invierno) m\u00e1s dos capas de l\u00e1tex natural para ofrecer elasticidad y confort, y dos capas de fibra vegetal de coco que le aportan un grado alto de firmeza. Nuestro nuevo Futon de gama \u00abpremium\u00bb que combina 4 fibras naturales (lana, algod\u00f3n, fibra vegetal de coco y l\u00e1tex natural) para un descanso reparador y saludable. Larga durabilidad (10 a\u00f1os) sin necesidad de mover, dar la vuelta ni ning\u00fan otro tipo de mantenimiento.<\/p>","protected":false},"featured_media":8556,"template":"","meta":[],"product_brand":[],"product_cat":[21],"product_tag":[],"class_list":{"0":"post-12230","1":"product","2":"type-product","3":"status-publish","4":"has-post-thumbnail","6":"product_cat-futon","8":"first","9":"instock","10":"taxable","11":"shipping-taxable","12":"purchasable","13":"product-type-variable","14":"has-default-attributes","15":"rtwpvs-product"},"_links":{"self":[{"href":"https:\/\/futonllit.com\/ca\/wp-json\/wp\/v2\/product\/12230","targetHints":{"allow":["GET"]}}],"collection":[{"href":"https:\/\/futonllit.com\/ca\/wp-json\/wp\/v2\/product"}],"about":[{"href":"https:\/\/futonllit.com\/ca\/wp-json\/wp\/v2\/types\/product"}],"wp:featuredmedia":[{"embeddable":true,"href":"https:\/\/futonllit.com\/ca\/wp-json\/wp\/v2\/media\/8556"}],"wp:attachment":[{"href":"https:\/\/futonllit.com\/ca\/wp-json\/wp\/v2\/media?parent=12230"}],"wp:term":[{"taxonomy":"product_brand","embeddable":true,"href":"https:\/\/futonllit.com\/ca\/wp-json\/wp\/v2\/product_brand?post=12230"},{"taxonomy":"product_cat","embeddable":true,"href":"https:\/\/futonllit.com\/ca\/wp-json\/wp\/v2\/product_cat?post=12230"},{"taxonomy":"product_tag","embeddable":true,"href":"https:\/\/futonllit.com\/ca\/wp-json\/wp\/v2\/product_tag?post=12230"}],"curies":[{"name":"wp","href":"https:\/\/api.w.org\/{rel}","templated":true}]}}