{"id":12041,"date":"2023-03-17T15:46:12","date_gmt":"2023-03-17T15:46:12","guid":{"rendered":"https:\/\/futonllit.com\/?post_type=product&#038;p=12041"},"modified":"2024-05-15T15:59:50","modified_gmt":"2024-05-15T15:59:50","slug":"cabecero-futon","status":"publish","type":"product","link":"https:\/\/futonllit.com\/ca\/botiga\/cabecero-futon\/","title":{"rendered":"Cabecero Fut\u00f3n"},"content":{"rendered":"<p>Nuestro cabecero Futon es un colch\u00f3n tipo shiatsu delgado que se puede colgar en la pared como cabecero para todo tipo de camas. Hecho de capas de algod\u00f3n acolchado, al igual que nuestros colchones fut\u00f3n. Disponible con o sin ideogramas (elige entre 72 dise\u00f1os). La ca\u00f1a de bamb\u00fa y los ganchos de lat\u00f3n para fijar el cabezal al muro est\u00e1n incluidos en el precio.<\/p>","protected":false},"excerpt":{"rendered":"<p>(Inclou canya de bamb\u00fa i ganxos de llaut\u00f3 per fixar el cap\u00e7al al mur)<\/p>","protected":false},"featured_media":12042,"template":"","meta":[],"product_brand":[],"product_cat":[22],"product_tag":[],"class_list":{"0":"post-12041","1":"product","2":"type-product","3":"status-publish","4":"has-post-thumbnail","6":"product_cat-complementos","8":"first","9":"instock","10":"taxable","11":"shipping-taxable","12":"purchasable","13":"product-type-variable","14":"rtwpvs-product"},"_links":{"self":[{"href":"https:\/\/futonllit.com\/ca\/wp-json\/wp\/v2\/product\/12041","targetHints":{"allow":["GET"]}}],"collection":[{"href":"https:\/\/futonllit.com\/ca\/wp-json\/wp\/v2\/product"}],"about":[{"href":"https:\/\/futonllit.com\/ca\/wp-json\/wp\/v2\/types\/product"}],"wp:featuredmedia":[{"embeddable":true,"href":"https:\/\/futonllit.com\/ca\/wp-json\/wp\/v2\/media\/12042"}],"wp:attachment":[{"href":"https:\/\/futonllit.com\/ca\/wp-json\/wp\/v2\/media?parent=12041"}],"wp:term":[{"taxonomy":"product_brand","embeddable":true,"href":"https:\/\/futonllit.com\/ca\/wp-json\/wp\/v2\/product_brand?post=12041"},{"taxonomy":"product_cat","embeddable":true,"href":"https:\/\/futonllit.com\/ca\/wp-json\/wp\/v2\/product_cat?post=12041"},{"taxonomy":"product_tag","embeddable":true,"href":"https:\/\/futonllit.com\/ca\/wp-json\/wp\/v2\/product_tag?post=12041"}],"curies":[{"name":"wp","href":"https:\/\/api.w.org\/{rel}","templated":true}]}}