{"id":11983,"date":"2023-03-17T15:43:49","date_gmt":"2023-03-17T15:43:49","guid":{"rendered":"https:\/\/futonllit.com\/?post_type=product&#038;p=11983"},"modified":"2026-01-19T18:08:41","modified_gmt":"2026-01-19T18:08:41","slug":"cabecero-kibo","status":"publish","type":"product","link":"https:\/\/futonllit.com\/ca\/botiga\/cabecero-kibo\/","title":{"rendered":"Cap\u00e7al Kibo"},"content":{"rendered":"<p>Cabecero de madera maciza de haya de dise\u00f1o sobrio y elegante. Va fijado con tornillos a la parte posterior de la cama (compatible con la mayor\u00eda de nuestros modelos) y tiene una altura de 50cm por encima del marco de la cama. Al fijarlo a la cama hay que tener en cuenta que el largo total de esta aumenta +10cm.<\/p>","protected":false},"excerpt":{"rendered":"<p>Cabecero de madera maciza de haya de dise\u00f1o sobrio y elegante. Va fijado con tornillos a la parte posterior de la cama (compatible con la mayor\u00eda de nuestros modelos) y tiene una altura de 50cm por encima del marco de la cama. Al fijarlo a la cama hay que tener en cuenta que el largo total de esta aumenta +10cm.<\/p>","protected":false},"featured_media":11432,"template":"","meta":[],"product_brand":[],"product_cat":[22],"product_tag":[],"class_list":{"0":"post-11983","1":"product","2":"type-product","3":"status-publish","4":"has-post-thumbnail","6":"product_cat-complementos","8":"first","9":"instock","10":"taxable","11":"shipping-taxable","12":"purchasable","13":"product-type-variable","14":"rtwpvs-product"},"_links":{"self":[{"href":"https:\/\/futonllit.com\/ca\/wp-json\/wp\/v2\/product\/11983","targetHints":{"allow":["GET"]}}],"collection":[{"href":"https:\/\/futonllit.com\/ca\/wp-json\/wp\/v2\/product"}],"about":[{"href":"https:\/\/futonllit.com\/ca\/wp-json\/wp\/v2\/types\/product"}],"wp:featuredmedia":[{"embeddable":true,"href":"https:\/\/futonllit.com\/ca\/wp-json\/wp\/v2\/media\/11432"}],"wp:attachment":[{"href":"https:\/\/futonllit.com\/ca\/wp-json\/wp\/v2\/media?parent=11983"}],"wp:term":[{"taxonomy":"product_brand","embeddable":true,"href":"https:\/\/futonllit.com\/ca\/wp-json\/wp\/v2\/product_brand?post=11983"},{"taxonomy":"product_cat","embeddable":true,"href":"https:\/\/futonllit.com\/ca\/wp-json\/wp\/v2\/product_cat?post=11983"},{"taxonomy":"product_tag","embeddable":true,"href":"https:\/\/futonllit.com\/ca\/wp-json\/wp\/v2\/product_tag?post=11983"}],"curies":[{"name":"wp","href":"https:\/\/api.w.org\/{rel}","templated":true}]}}