{"id":119,"date":"2019-01-02T09:11:01","date_gmt":"2019-01-02T09:11:01","guid":{"rendered":"https:\/\/futonllit.com\/nueva\/?post_type=product&#038;p=119"},"modified":"2026-01-20T23:06:48","modified_gmt":"2026-01-20T23:06:48","slug":"box","status":"publish","type":"product","link":"https:\/\/futonllit.com\/ca\/botiga\/box\/","title":{"rendered":"Box Canap\u00e9"},"content":{"rendered":"<p>Llit de fusta massissa de faig fabricat a It\u00e0lia. Hi ha l\u2019opci\u00f3 amb somier elevat per sistema pneum\u00e0tic per tal d\u2019habilitar tot l'espai de sota el llit amb un gran calaix on guardar la roba. Disseny est\u00e8tic i funcional per tenir un emmagatzematge c\u00f2mode en un llit de m\u00e0xima robustesa.<\/p>\n<p class=\"translation-block\">La seva est\u00e8tica caracter\u00edstica mostra l'encant senzill de les l\u00ednies rectes en fusta massissa de faig laminada.\nSomier complet de fusta amb sistema d\u2019elevaci\u00f3 per pistons pneum\u00e0tics; el calaix inferior \u00e9s una soluci\u00f3 excel\u00b7lent per a emmagatzemar objectes voluminosos com ara mantes, edredons i coixins (es recomana l\u2019\u00fas de contenidors de pl\u00e0stic per protegir els objectes de la pols).<\/p>\n<p>La caixa del llit es ven totalment desmuntada per facilitar-ne el transport. Si ho desitja, tamb\u00e9 pot sol\u00b7licitar l'estructura del somier desmuntada per entrar en llocs d'acc\u00e9s dif\u00edcil.<\/p>\n<p>La caixa del llit tamb\u00e9 \u00e9s apta per a somiers de l\u00e0mines que no es poden elevar i se\u2019n pot personalitzar l'altura fins a un m\u00e0xim de 50 cm.<\/p>\n<p>La caixa del llit tamb\u00e9 est\u00e0 disponible en la versi\u00f3 amb vora arrodonida suau.<\/p>\n<p>\u2013 Fusta massissa de faig laminada.<\/p>\n<p>\u2013 El somier es pot elevar mitjan\u00e7ant pistons pneum\u00e0tics, i la part interna es converteix en un gran contenidor per a emmagatzemar.<\/p>\n<p>\u2013 Disponible en fusta en cru sense tractament o en diversos colors per triar (vegeu m\u00e9s avall la carta de colors).<\/p>\n<p>\u2013 Fusta tractada amb impregnaci\u00f3 amb olis naturals.<\/p>\n<p>\u2013 Disponible a mida, si ho sol\u00b7liciteu.<\/p>","protected":false},"excerpt":{"rendered":"<p>Cama de madera maciza de haya, fabricada en Italia. Opcional con somier elevable con sistema neum\u00e1tico para habilitar todo el espacio bajo la cama como un gran caj\u00f3n donde guardar ropa. Dise\u00f1o est\u00e9tico y funcional para un almacenamiento c\u00f3modo en una cama de robustez extrema. Su caracter\u00edstica est\u00e9tica muestra el encanto simple de las l\u00edneas rectas en madera maciza de haya laminada. Somier completo de madera con sistema de elevaci\u00f3n por pistones neum\u00e1ticos, el caj\u00f3n inferior es una excelente soluci\u00f3n&#8230;<\/p>","protected":false},"featured_media":8491,"template":"","meta":[],"product_brand":[],"product_cat":[19],"product_tag":[],"class_list":{"0":"post-119","1":"product","2":"type-product","3":"status-publish","4":"has-post-thumbnail","6":"product_cat-camas","8":"first","9":"instock","10":"taxable","11":"shipping-taxable","12":"purchasable","13":"product-type-variable","14":"rtwpvs-product"},"_links":{"self":[{"href":"https:\/\/futonllit.com\/ca\/wp-json\/wp\/v2\/product\/119","targetHints":{"allow":["GET"]}}],"collection":[{"href":"https:\/\/futonllit.com\/ca\/wp-json\/wp\/v2\/product"}],"about":[{"href":"https:\/\/futonllit.com\/ca\/wp-json\/wp\/v2\/types\/product"}],"wp:featuredmedia":[{"embeddable":true,"href":"https:\/\/futonllit.com\/ca\/wp-json\/wp\/v2\/media\/8491"}],"wp:attachment":[{"href":"https:\/\/futonllit.com\/ca\/wp-json\/wp\/v2\/media?parent=119"}],"wp:term":[{"taxonomy":"product_brand","embeddable":true,"href":"https:\/\/futonllit.com\/ca\/wp-json\/wp\/v2\/product_brand?post=119"},{"taxonomy":"product_cat","embeddable":true,"href":"https:\/\/futonllit.com\/ca\/wp-json\/wp\/v2\/product_cat?post=119"},{"taxonomy":"product_tag","embeddable":true,"href":"https:\/\/futonllit.com\/ca\/wp-json\/wp\/v2\/product_tag?post=119"}],"curies":[{"name":"wp","href":"https:\/\/api.w.org\/{rel}","templated":true}]}}