{"id":115,"date":"2019-01-02T09:08:18","date_gmt":"2019-01-02T09:08:18","guid":{"rendered":"https:\/\/futonllit.com\/nueva\/?post_type=product&#038;p=115"},"modified":"2026-01-20T23:02:58","modified_gmt":"2026-01-20T23:02:58","slug":"aurora","status":"publish","type":"product","link":"https:\/\/futonllit.com\/ca\/botiga\/aurora\/","title":{"rendered":"Aurora"},"content":{"rendered":"<p>Aurora \u00e9s un llit de disseny senzill i elegant fabricat a It\u00e0lia en fusta massissa de faig.\nEl bastidor de fusta (de 4,2 cm o 3,2 cm d\u2019ample) i el tipus d'acoblament sense peces met\u00e0l\u00b7liques (amb passadors de fusta horitzontals i verticals) hi atorguen una gran robustesa i estabilitat. Tot un cl\u00e0ssic de la marca italiana Cinius, \u00e9s un dels nostres models de llit amb m\u00e9s \u00e8xit.<\/p>\n<p class=\"translation-block\">\u2013 Disponible en fusta en cru sense tractament o en diversos colors per triar (vegeu la carta de colors).\n\u2013 Encaix amb tacs de fusta, sense elements met\u00e0l\u00b7lics.\n\u2013 Cap\u00e7al Aurora (opcional) de fusta massissa, disponible en dos dissenys per triar, es fixa al llit mitjan\u00e7ant un encaix de fusta.\n\u2013 Vern\u00eds natural a base d\u2019impregnaci\u00f3 amb olis naturals.\n\u2013 4 mides est\u00e0ndard. Tamb\u00e9 est\u00e0 disponible en mides especials (si ho sol\u00b7liciteu).<\/p>\n<p>&nbsp;<\/p>","protected":false},"excerpt":{"rendered":"<p>Aurora Bed es una cama de dise\u00f1o simple y elegante, fabricada en Italia en madera maciza de haya.\u2028Su marco de madera (de 4,2cm o 3,2cm de ancho) y el tipo de ensamblado sin herrajes met\u00e1licos (con pasadores de madera horizontales y verticales) le aportan una gran robustez y estabilidad. Todo un cl\u00e1sico de la marca italiana Cinius, es uno de nuestros modelos de cama de mayor \u00e9xito. &#8211; Disponible en madera en crudo sin tratar o en varios colores a&#8230;<\/p>","protected":false},"featured_media":8488,"template":"","meta":[],"product_brand":[],"product_cat":[19],"product_tag":[],"class_list":{"0":"post-115","1":"product","2":"type-product","3":"status-publish","4":"has-post-thumbnail","6":"product_cat-camas","8":"first","9":"instock","10":"taxable","11":"shipping-taxable","12":"purchasable","13":"product-type-variable","14":"rtwpvs-product"},"_links":{"self":[{"href":"https:\/\/futonllit.com\/ca\/wp-json\/wp\/v2\/product\/115","targetHints":{"allow":["GET"]}}],"collection":[{"href":"https:\/\/futonllit.com\/ca\/wp-json\/wp\/v2\/product"}],"about":[{"href":"https:\/\/futonllit.com\/ca\/wp-json\/wp\/v2\/types\/product"}],"wp:featuredmedia":[{"embeddable":true,"href":"https:\/\/futonllit.com\/ca\/wp-json\/wp\/v2\/media\/8488"}],"wp:attachment":[{"href":"https:\/\/futonllit.com\/ca\/wp-json\/wp\/v2\/media?parent=115"}],"wp:term":[{"taxonomy":"product_brand","embeddable":true,"href":"https:\/\/futonllit.com\/ca\/wp-json\/wp\/v2\/product_brand?post=115"},{"taxonomy":"product_cat","embeddable":true,"href":"https:\/\/futonllit.com\/ca\/wp-json\/wp\/v2\/product_cat?post=115"},{"taxonomy":"product_tag","embeddable":true,"href":"https:\/\/futonllit.com\/ca\/wp-json\/wp\/v2\/product_tag?post=115"}],"curies":[{"name":"wp","href":"https:\/\/api.w.org\/{rel}","templated":true}]}}