{"id":11489,"date":"2023-02-15T12:18:11","date_gmt":"2023-02-15T12:18:11","guid":{"rendered":"https:\/\/futonllit.com\/?post_type=product&#038;p=11489"},"modified":"2026-02-11T15:43:23","modified_gmt":"2026-02-11T15:43:23","slug":"portes-corredisses-shoji-1","status":"publish","type":"product","link":"https:\/\/futonllit.com\/ca\/botiga\/portes-corredisses-shoji-1\/","title":{"rendered":"Portes corredisses Shoji"},"content":{"rendered":"<p class=\"translation-block\">Les portes corredisses i els envans correders Shoji es fabriquen a mida de cada ambient i s'adapten tant a la decoraci\u00f3 contempor\u00e0nia com a la japonesa. En fusta massissa de laminada, s\u00f3n ideals com separadors d'ambients, portes corredisses per a armaris encastats o portes per a vestidors.<\/p>\n<p>El deslizamiento se realiza sobre ra\u00edles de madera o aluminio:<\/p>\n<ul>\n<li>muntat al sostre per a les portes de dimensions limitades.<\/li>\n<li>montaje en techo y piso para paredes m\u00e1s grandes;<\/li>\n<li>integrat en l'estructura del moble i per a armaris encastats o vestidors.<\/li>\n<\/ul>","protected":false},"excerpt":{"rendered":"<p class=\"translation-block\">Les portes corredisses i els envans correders Shoji es fabriquen a mida de cada ambient i s'adapten tant a la decoraci\u00f3 contempor\u00e0nia com a la japonesa.<\/p>","protected":false},"featured_media":11496,"template":"","meta":[],"product_brand":[],"product_cat":[249],"product_tag":[],"class_list":{"0":"post-11489","1":"product","2":"type-product","3":"status-publish","4":"has-post-thumbnail","6":"product_cat-puertas-correderas-shoji","8":"first","9":"instock","10":"taxable","11":"shipping-taxable","12":"product-type-simple"},"_links":{"self":[{"href":"https:\/\/futonllit.com\/ca\/wp-json\/wp\/v2\/product\/11489","targetHints":{"allow":["GET"]}}],"collection":[{"href":"https:\/\/futonllit.com\/ca\/wp-json\/wp\/v2\/product"}],"about":[{"href":"https:\/\/futonllit.com\/ca\/wp-json\/wp\/v2\/types\/product"}],"wp:featuredmedia":[{"embeddable":true,"href":"https:\/\/futonllit.com\/ca\/wp-json\/wp\/v2\/media\/11496"}],"wp:attachment":[{"href":"https:\/\/futonllit.com\/ca\/wp-json\/wp\/v2\/media?parent=11489"}],"wp:term":[{"taxonomy":"product_brand","embeddable":true,"href":"https:\/\/futonllit.com\/ca\/wp-json\/wp\/v2\/product_brand?post=11489"},{"taxonomy":"product_cat","embeddable":true,"href":"https:\/\/futonllit.com\/ca\/wp-json\/wp\/v2\/product_cat?post=11489"},{"taxonomy":"product_tag","embeddable":true,"href":"https:\/\/futonllit.com\/ca\/wp-json\/wp\/v2\/product_tag?post=11489"}],"curies":[{"name":"wp","href":"https:\/\/api.w.org\/{rel}","templated":true}]}}