{"id":113,"date":"2019-01-02T09:07:01","date_gmt":"2019-01-02T09:07:01","guid":{"rendered":"https:\/\/futonllit.com\/nueva\/?post_type=product&#038;p=113"},"modified":"2026-01-20T23:03:59","modified_gmt":"2026-01-20T23:03:59","slug":"tokyo","status":"publish","type":"product","link":"https:\/\/futonllit.com\/ca\/botiga\/tokyo\/","title":{"rendered":"Tokyo"},"content":{"rendered":"<p class=\"translation-block\">El Tokyo F \u00e9s tot un cl\u00e0ssic dintre del nostre cat\u00e0leg de llits. Fabricat a It\u00e0lia amb fusta massissa de faig laminada, s\u2019adapta a qualsevol entorn gr\u00e0cies a la seva senzillesa i a les nombroses possibilitats de personalitzaci\u00f3.\nDe l\u00ednies rectes i est\u00e8tica zen, els seus trets essencials s\u00f3n la geometria del disseny i els encaixos de fusta, sense cargols (magnetic-free), en la zona de les potes.\nEl color de les potes pot variar (nom\u00e9s cal sol\u00b7licitar-ho), de manera que es distingeix de l'estructura del llit i crea un interessant joc bicrom\u00e0tic que remet a la tradici\u00f3 oriental de la \u00abcoexist\u00e8ncia dels oposats\u00bb.\n\u2013 Llit japon\u00e8s amb enclavament i una estructura geom\u00e8trica que respecta les proporcions de l'estil japon\u00e8s.\n\u2013 Fusta massissa de faig laminada.\n\u2013 Disponible en fusta en cru sense tractament o en diversos colors per triar (vegeu m\u00e9s avall la carta de colors).\n\u2013 Dissenyat per a muntar-se amb tatami o amb somier de l\u00e0mines de fusta.\n\u2013 Es pot completar amb cap\u00e7al de fusta massissa Tokyo, tauletes de nit i calaixos (complements no inclosos en el preu).\n\u2013 Disponible en diferents mides est\u00e0ndard; tamb\u00e9 es pot fabricar totalment a mida (nom\u00e9s cal sol\u00b7licitar-ho).\n\u2013 Al\u00e7\u00e0ria del llit: 25 cm; es pot elevar a l'altura de les potes fins a 35 cm.<\/p>","protected":false},"excerpt":{"rendered":"<p>Tokio F es todo un cl\u00e1sico en nuestro cat\u00e1logo de camas. Fabricada en Italia en madera maciza laminada de haya, se adapta a cualquier entorno gracias a su simplicidad y a sus numerosas posibilidades de personalizaci\u00f3n. De l\u00edneas rectas y est\u00e9tica zen, sus caracter\u00edsticas esenciales son la geometr\u00eda de su dise\u00f1o y los encajes de madera, sin tornillos (magnetic free) en la zona de las patas. El color de las patas puede variar (bajo pedido), distingui\u00e9ndose as\u00ed de la estructura&#8230;<\/p>","protected":false},"featured_media":11434,"template":"","meta":[],"product_brand":[],"product_cat":[19],"product_tag":[],"class_list":{"0":"post-113","1":"product","2":"type-product","3":"status-publish","4":"has-post-thumbnail","6":"product_cat-camas","8":"first","9":"instock","10":"taxable","11":"shipping-taxable","12":"purchasable","13":"product-type-variable","14":"rtwpvs-product"},"_links":{"self":[{"href":"https:\/\/futonllit.com\/ca\/wp-json\/wp\/v2\/product\/113","targetHints":{"allow":["GET"]}}],"collection":[{"href":"https:\/\/futonllit.com\/ca\/wp-json\/wp\/v2\/product"}],"about":[{"href":"https:\/\/futonllit.com\/ca\/wp-json\/wp\/v2\/types\/product"}],"wp:featuredmedia":[{"embeddable":true,"href":"https:\/\/futonllit.com\/ca\/wp-json\/wp\/v2\/media\/11434"}],"wp:attachment":[{"href":"https:\/\/futonllit.com\/ca\/wp-json\/wp\/v2\/media?parent=113"}],"wp:term":[{"taxonomy":"product_brand","embeddable":true,"href":"https:\/\/futonllit.com\/ca\/wp-json\/wp\/v2\/product_brand?post=113"},{"taxonomy":"product_cat","embeddable":true,"href":"https:\/\/futonllit.com\/ca\/wp-json\/wp\/v2\/product_cat?post=113"},{"taxonomy":"product_tag","embeddable":true,"href":"https:\/\/futonllit.com\/ca\/wp-json\/wp\/v2\/product_tag?post=113"}],"curies":[{"name":"wp","href":"https:\/\/api.w.org\/{rel}","templated":true}]}}