{"id":111,"date":"2019-01-02T09:04:20","date_gmt":"2019-01-02T09:04:20","guid":{"rendered":"https:\/\/futonllit.com\/nueva\/?post_type=product&#038;p=111"},"modified":"2026-01-20T23:05:52","modified_gmt":"2026-01-20T23:05:52","slug":"isola","status":"publish","type":"product","link":"https:\/\/futonllit.com\/ca\/botiga\/isola\/","title":{"rendered":"Isola"},"content":{"rendered":"<p class=\"translation-block\">Llit de fusta massissa de faig, fabricat a It\u00e0lia, sense peces met\u00e0l\u00b7liques. El seu atractiu disseny presenta un marc de 20 cent\u00edmetres al voltant de tot el somier, amb una est\u00e8tica que permet col\u00b7locar el llit al mig de l'habitaci\u00f3. Isola \u00e9s un disseny exclusiu de l\u2019empresa italiana Cinius i destaca pel marc de fusta s\u00f2lida que envolta el matal\u00e0s, a poca altura del terra (20 cm), amb la qual cosa mant\u00e9 la inspiraci\u00f3 en l'est\u00e8tica del llit japon\u00e8s; t\u00e9 la possibilitat d'incorporar tatami o no, amb somier de l\u00e0mines de fusta.\nEl llit Isola s\u2019acobla mitjan\u00e7ant un enginy\u00f3s sistema d'encaixos de fusta, sense peces met\u00e0l\u00b7liques (magnetic free). Tot i que les dimensions s\u00f3n grans, la poca dist\u00e0ncia amb el terra hi atorga una est\u00e8tica estilitzada, i en destaca la qualitat i la textura de la fusta massissa.<\/p>\n<p><span id=\"result_box\" lang=\"es\"><span title=\"Il Letto Isola pu\u00f2 essere personalizzato (su richiesta) abbinandovi comodini (anche sospesi), testate, cassettiere, Tatami e contenitori sottoletto Isola. \">El llit Isola pot incorporar complements (opcionals) com tauletes de nit suspeses, cap\u00e7als, calaixeres...<\/span><\/span><\/p>\n<p><span title=\"Qualora si desideri ridurre l'ingombro del perimetro del Letto Isola (che \u00e8 di 20cm), si pu\u00f2 richiedere la modifica della struttura nella zona a ridosso del muro. \">Si voleu reduir el per\u00edmetre del llit Isola, podeu sol\u00b7licitar un canvi en l'estructura de la zona del cap\u00e7al, que passa de 20 cm a 3 cm, i aix\u00ed la longitud total del llit \u00e9s de 223 cm en lloc dels 240 cm de la mida est\u00e0ndard.<br \/>\n<\/span><\/p>\n<p class=\"translation-block\">\u2013 Bastidor de fusta massissa de faig laminada.<\/p>\n<p><span id=\"result_box\" lang=\"es\"><span title=\"Predisposto per essere abbinato con Tatami, da appoggiare sulle reti a doghe \u00a0\u00a0\u00a0\u00a0\">\u2013 Dissenyat per a muntar-se amb tatami o amb somier de l\u00e0mines de fusta.<\/span><\/span><\/p>\n<p><span id=\"result_box\" lang=\"es\"><span title=\"\u2013 \u00a0\u00a0\u00a0\u00a0\">\u2013 Disponible en fusta en cru sense tractament o en diversos colors per triar (vegeu m\u00e9s avall la carta de colors).<\/span><\/span><\/p>\n<p><span id=\"result_box\" lang=\"es\"><span title=\"\u2013 \u00a0\u00a0\u00a0\u00a0\">&#8211; <\/span><span title=\"L'altezza totale con un materasso da 15\/16cm appoggiato su doghe in legno \u00e8 di circa 36cm \u00a0\u00a0\u00a0\u00a0\">\u2013 L\u2019al\u00e7\u00e0ria total amb un matal\u00e0s de 15\/16 cm col\u00b7locat en somier de l\u00e0mines de fusta \u00e9s d'aproximadament 36 cm.<\/span><\/span><span id=\"result_box\" lang=\"es\"><\/span><\/p>\n<p><span id=\"result_box\" lang=\"es\"><span title=\"L'altezza totale con un materasso da 15\/16cm appoggiato su tatami \u00e8 di circa 42cm \u00a0\u00a0\u00a0\u00a0\">\u2013 L\u2019al\u00e7\u00e0ria total amb un matal\u00e0s de 15\/16 cm col\u00b7locat sobre tatami \u00e9s d'aproximadament 42 cm.<br \/>\n<\/span><\/span><span id=\"result_box\" lang=\"es\"><\/span><span id=\"result_box\" lang=\"es\"><\/span><\/p>\n<p><span id=\"result_box\" lang=\"es\"><span title=\"La \">&#8211; <\/span><span title=\"Vari accessori abbinati: comodini (anche sospesi), testate, cassettiere, Tatami e contenitori sottoletto (vedi) \u00a0\u00a0\u00a0\u00a0\">Diversos accessoris a joc: tauletes de nit, cap\u00e7als, calaixeres, tatamis i contenidors underbed (vegeu-ne aqu\u00ed).<br \/>\n<\/span><\/span><\/p>\n<p><span lang=\"es\"><span title=\"Disponibile anche su misura\">\u2013 Es pot fabricar en mides especials si ho sol\u00b7liciteu.<\/span><\/span><\/p>","protected":false},"excerpt":{"rendered":"<p>Cama de madera maciza de haya, fabricada en Italia, sin piezas met\u00e1licas. Su atractivo dise\u00f1o presenta un amplio marco de 20 cm alrededor de todo el somier, aportando una est\u00e9tica que permite colocar la cama en el centro de la habitaci\u00f3n. Isola es un dise\u00f1o exclusivo de la empresa italiana Cinius, y destaca por su marco de madera s\u00f3lida que rodea el colch\u00f3n, a poca altura del suelo (20 cm), manteniendo as\u00ed la inspiraci\u00f3n en la est\u00e9tica de la cama&#8230;<\/p>","protected":false},"featured_media":8497,"template":"","meta":[],"product_brand":[],"product_cat":[19],"product_tag":[],"class_list":{"0":"post-111","1":"product","2":"type-product","3":"status-publish","4":"has-post-thumbnail","6":"product_cat-camas","8":"first","9":"instock","10":"taxable","11":"shipping-taxable","12":"purchasable","13":"product-type-variable","14":"rtwpvs-product"},"_links":{"self":[{"href":"https:\/\/futonllit.com\/ca\/wp-json\/wp\/v2\/product\/111","targetHints":{"allow":["GET"]}}],"collection":[{"href":"https:\/\/futonllit.com\/ca\/wp-json\/wp\/v2\/product"}],"about":[{"href":"https:\/\/futonllit.com\/ca\/wp-json\/wp\/v2\/types\/product"}],"wp:featuredmedia":[{"embeddable":true,"href":"https:\/\/futonllit.com\/ca\/wp-json\/wp\/v2\/media\/8497"}],"wp:attachment":[{"href":"https:\/\/futonllit.com\/ca\/wp-json\/wp\/v2\/media?parent=111"}],"wp:term":[{"taxonomy":"product_brand","embeddable":true,"href":"https:\/\/futonllit.com\/ca\/wp-json\/wp\/v2\/product_brand?post=111"},{"taxonomy":"product_cat","embeddable":true,"href":"https:\/\/futonllit.com\/ca\/wp-json\/wp\/v2\/product_cat?post=111"},{"taxonomy":"product_tag","embeddable":true,"href":"https:\/\/futonllit.com\/ca\/wp-json\/wp\/v2\/product_tag?post=111"}],"curies":[{"name":"wp","href":"https:\/\/api.w.org\/{rel}","templated":true}]}}