{"id":1099,"date":"2019-04-11T14:13:38","date_gmt":"2019-04-11T14:13:38","guid":{"rendered":"https:\/\/futonllit.com\/nueva\/?post_type=product&#038;p=1099"},"modified":"2026-02-11T15:56:02","modified_gmt":"2026-02-11T15:56:02","slug":"yen","status":"publish","type":"product","link":"https:\/\/futonllit.com\/ca\/botiga\/yen\/","title":{"rendered":"Yen"},"content":{"rendered":"<p class=\"translation-block\">Yen \u00e9s la millor soluci\u00f3 per a cases i estudis m\u00e9s petits: es pot instal\u00b7lar en un dormitori, per\u00f2 tamb\u00e9 \u00e9s una idea de mobiliari que estalvia espai al sal\u00f3.\nGr\u00e0cies a la seva estructura de fusta laminada lleugera i natural de faig, s\u2019adapta a qualsevol habitaci\u00f3 gr\u00e0cies al disseny personalitzat.\nEl Yen es recomana per a habitacions amb sostres d'un m\u00ednim de 320 cent\u00edmetres d\u2019altura (en cas contrari, recomanem la Rising).\nEl resultat acostuma a ser un espai sota el llit Yen d'aproximadament 180\/200 cent\u00edmetres, amb una tira de suport de 15 cent\u00edmetres.\nEls tatamis s\u2019utilitzen com a suport per al matal\u00e0s.<\/p>","protected":false},"excerpt":{"rendered":"<p>Idoni per a estades amb altures de sostre superior a tres metres<\/p>\n<p>Altell en fusta massissa de faig laminat<\/p>\n<p>Disponible a mesura<\/p>\n<p class=\"translation-block\">Disponible en fusta natural o en diversos colors (<a href=\"https:\/\/www.cinius.com\/it\/comuni\/colorazioni.php\">veure<\/a>)<\/p>","protected":false},"featured_media":8571,"template":"","meta":[],"product_brand":[],"product_cat":[50],"product_tag":[],"class_list":{"0":"post-1099","1":"product","2":"type-product","3":"status-publish","4":"has-post-thumbnail","6":"product_cat-altillos","8":"first","9":"instock","10":"taxable","11":"shipping-taxable","12":"product-type-simple"},"_links":{"self":[{"href":"https:\/\/futonllit.com\/ca\/wp-json\/wp\/v2\/product\/1099","targetHints":{"allow":["GET"]}}],"collection":[{"href":"https:\/\/futonllit.com\/ca\/wp-json\/wp\/v2\/product"}],"about":[{"href":"https:\/\/futonllit.com\/ca\/wp-json\/wp\/v2\/types\/product"}],"wp:featuredmedia":[{"embeddable":true,"href":"https:\/\/futonllit.com\/ca\/wp-json\/wp\/v2\/media\/8571"}],"wp:attachment":[{"href":"https:\/\/futonllit.com\/ca\/wp-json\/wp\/v2\/media?parent=1099"}],"wp:term":[{"taxonomy":"product_brand","embeddable":true,"href":"https:\/\/futonllit.com\/ca\/wp-json\/wp\/v2\/product_brand?post=1099"},{"taxonomy":"product_cat","embeddable":true,"href":"https:\/\/futonllit.com\/ca\/wp-json\/wp\/v2\/product_cat?post=1099"},{"taxonomy":"product_tag","embeddable":true,"href":"https:\/\/futonllit.com\/ca\/wp-json\/wp\/v2\/product_tag?post=1099"}],"curies":[{"name":"wp","href":"https:\/\/api.w.org\/{rel}","templated":true}]}}