{"id":1094,"date":"2019-04-11T13:50:43","date_gmt":"2019-04-11T13:50:43","guid":{"rendered":"https:\/\/futonllit.com\/nueva\/?post_type=product&#038;p=1094"},"modified":"2026-02-11T15:55:41","modified_gmt":"2026-02-11T15:55:41","slug":"shoji","status":"publish","type":"product","link":"https:\/\/futonllit.com\/ca\/botiga\/shoji\/","title":{"rendered":"Shoji"},"content":{"rendered":"<p class=\"translation-block\">Els armaris amb portes corredisses i de fusta massissa de faig fabricats a It\u00e0lia per Cinius combinen est\u00e8tica i funcionalitat. L\u2019\u00fas de les portes corredisses Shoji combina la tradici\u00f3 dels armaris tradicionals japonesos amb la funcionalitat pr\u00e0ctica dels mobles contemporanis. Les portes corredisses Shoji s\u00f3n extremadament silencioses i lleugeres, i permeten separar espais o crear frontals d\u2019armari sense obres i amb una est\u00e8tica molt s\u00f2bria i atractiva. Estan fetes de fusta europea (faig) i sense peces met\u00e0l\u00b7liques (magnetic free). Els armaris de fusta massissa de faig de Cinius es poden personalitzar tant pel que fa al color del vern\u00eds (ecol\u00f2gic i a l\u2019aigua), com a les dimensions i a la distribuci\u00f3 interior. A m\u00e9s del tradicional per\u00f2 delicat paper d\u2019arr\u00f2s, els revestiments disponibles per a les portes corredisses japoneses Shoji s\u00f3n: teixit de cot\u00f3 cru (econ\u00f2mic i f\u00e0cil de canviar), tela del color que trieu, paper d'arr\u00f2s sobre un fons de PVC transparent, paper d'arr\u00f2s plastificat amb PVC expandit blanc.<\/p>","protected":false},"excerpt":{"rendered":"<p>Per a consultes de mides i preus, poseu-vos en contacte amb nosaltres.<\/p>","protected":false},"featured_media":11486,"template":"","meta":[],"product_brand":[],"product_cat":[49],"product_tag":[],"class_list":{"0":"post-1094","1":"product","2":"type-product","3":"status-publish","4":"has-post-thumbnail","6":"product_cat-armarios","8":"first","9":"instock","10":"taxable","11":"shipping-taxable","12":"product-type-simple"},"_links":{"self":[{"href":"https:\/\/futonllit.com\/ca\/wp-json\/wp\/v2\/product\/1094","targetHints":{"allow":["GET"]}}],"collection":[{"href":"https:\/\/futonllit.com\/ca\/wp-json\/wp\/v2\/product"}],"about":[{"href":"https:\/\/futonllit.com\/ca\/wp-json\/wp\/v2\/types\/product"}],"wp:featuredmedia":[{"embeddable":true,"href":"https:\/\/futonllit.com\/ca\/wp-json\/wp\/v2\/media\/11486"}],"wp:attachment":[{"href":"https:\/\/futonllit.com\/ca\/wp-json\/wp\/v2\/media?parent=1094"}],"wp:term":[{"taxonomy":"product_brand","embeddable":true,"href":"https:\/\/futonllit.com\/ca\/wp-json\/wp\/v2\/product_brand?post=1094"},{"taxonomy":"product_cat","embeddable":true,"href":"https:\/\/futonllit.com\/ca\/wp-json\/wp\/v2\/product_cat?post=1094"},{"taxonomy":"product_tag","embeddable":true,"href":"https:\/\/futonllit.com\/ca\/wp-json\/wp\/v2\/product_tag?post=1094"}],"curies":[{"name":"wp","href":"https:\/\/api.w.org\/{rel}","templated":true}]}}