{"id":108,"date":"2019-01-02T08:46:46","date_gmt":"2019-01-02T08:46:46","guid":{"rendered":"https:\/\/futonllit.com\/nueva\/?post_type=product&#038;p=108"},"modified":"2024-05-15T16:14:35","modified_gmt":"2024-05-15T16:14:35","slug":"tatami-mat","status":"publish","type":"product","link":"https:\/\/futonllit.com\/ca\/botiga\/tatami-mat\/","title":{"rendered":"Tatami Mat"},"content":{"rendered":"<p>\u00c9s el terra tradicional japon\u00e8s de canya d\u2019arr\u00f2s premsat. Una base s\u00f2lida, de tacte agradable i est\u00e8tica c\u00e0lida, elaborada amb fibres 100% naturals. Permet una perfecta transpiraci\u00f3 del matal\u00e0s, \u00e9s un excel\u00b7lent a\u00efllant i constitueix una soluci\u00f3 perfecta per a muntar-se sobre tarimes de fusta. Compost per una s\u00f2lida plataforma de canya d\u2019arr\u00f2s premsada, cosida i recoberta per una estoreta de v\u00edmet i dues franges laterals d'un teixit de cot\u00f3 i nil\u00f3 molt resistent. Gruix: 5,8\u00a0cm. Pes: 28-30\u00a0kg\/unitat.<\/p>","protected":false},"excerpt":{"rendered":"<p>\u00c9s el terra tradicional japon\u00e8s de canya d\u2019arr\u00f2s premsat. Una base s\u00f2lida, de tacte agradable i est\u00e8tica c\u00e0lida, elaborada amb fibres 100% naturals. Permet una perfecta transpiraci\u00f3 del matal\u00e0s, \u00e9s un excel\u00b7lent a\u00efllant i constitueix una soluci\u00f3 perfecta per a muntar-se sobre tarimes de fusta. Compost per una s\u00f2lida plataforma de canya d\u2019arr\u00f2s premsada, cosida i recoberta per una estoreta de v\u00edmet i dues franges laterals d'un teixit de cot\u00f3 i nil\u00f3 molt resistent. Gruix: 5,8\u00a0cm. Pes: 28-30\u00a0kg\/unitat.<\/p>","protected":false},"featured_media":8367,"template":"","meta":[],"product_brand":[],"product_cat":[18],"product_tag":[],"class_list":{"0":"post-108","1":"product","2":"type-product","3":"status-publish","4":"has-post-thumbnail","6":"product_cat-tatamis","8":"first","9":"instock","10":"taxable","11":"shipping-taxable","12":"purchasable","13":"product-type-variable","14":"rtwpvs-product"},"_links":{"self":[{"href":"https:\/\/futonllit.com\/ca\/wp-json\/wp\/v2\/product\/108","targetHints":{"allow":["GET"]}}],"collection":[{"href":"https:\/\/futonllit.com\/ca\/wp-json\/wp\/v2\/product"}],"about":[{"href":"https:\/\/futonllit.com\/ca\/wp-json\/wp\/v2\/types\/product"}],"wp:featuredmedia":[{"embeddable":true,"href":"https:\/\/futonllit.com\/ca\/wp-json\/wp\/v2\/media\/8367"}],"wp:attachment":[{"href":"https:\/\/futonllit.com\/ca\/wp-json\/wp\/v2\/media?parent=108"}],"wp:term":[{"taxonomy":"product_brand","embeddable":true,"href":"https:\/\/futonllit.com\/ca\/wp-json\/wp\/v2\/product_brand?post=108"},{"taxonomy":"product_cat","embeddable":true,"href":"https:\/\/futonllit.com\/ca\/wp-json\/wp\/v2\/product_cat?post=108"},{"taxonomy":"product_tag","embeddable":true,"href":"https:\/\/futonllit.com\/ca\/wp-json\/wp\/v2\/product_tag?post=108"}],"curies":[{"name":"wp","href":"https:\/\/api.w.org\/{rel}","templated":true}]}}