{"id":106,"date":"2019-01-02T08:43:42","date_gmt":"2019-01-02T08:43:42","guid":{"rendered":"https:\/\/futonllit.com\/nueva\/?post_type=product&#038;p=106"},"modified":"2026-01-20T21:59:06","modified_gmt":"2026-01-20T21:59:06","slug":"toki","status":"publish","type":"product","link":"https:\/\/futonllit.com\/ca\/botiga\/toki\/","title":{"rendered":"Toki"},"content":{"rendered":"<p class=\"translation-block\">Base de tatami fabricada a It\u00e0lia, sense peces met\u00e0l\u00b7liques, en fusta massissa de faig. L'estil japon\u00e8s t\u00edpic del llit Toki s\u2019expressa en el patr\u00f3 geom\u00e8tric dels encaixos de fusta, i \u00e9s una opci\u00f3 perfecta per als qui prefereixen dormir en un llit baix. El rail format pel doble marc de fusta massissa de faig crea el marc perimetral del llit, alhora que serveix de suport de les tauletes de nit en suspensi\u00f3 i del cap\u00e7al de fusta Toki.<\/p>\n<p><span id=\"result_box\" lang=\"es\"><\/span><span id=\"result_box\" lang=\"es\"><span title=\"Studiato per i Tatami, \u00e8 tuttavia adatto anche alle normali reti a doghe ed \u00e8 completamente ad incastro senza parti metalliche (Magnetic Free). \u00a0\u00a0\u00a0\u00a0\">Dissenyat per a muntar-se amb tatami, tamb\u00e9 es pot fer servir amb un somier de l\u00e0mines de fusta normal. Est\u00e0 completament engalzat amb encaixos de fusta, sense peces de metall (magnetic free).<\/span><\/span><\/p>\n<p class=\"translation-block\">\u2013 Cap\u00e7al Toki i tauletes de nit suspeses (opcionals, no incloses en el preu) que s'encaixen en la ranura del doble marc de fusta.<\/p>\n<p><span id=\"result_box\" lang=\"es\"><span title=\"\u2013 \u00a0\u00a0\u00a0\u00a0\">&#8211; Disponible en madera en crudo o barnizada con impregnaci\u00f3n de aceites naturales en varios colores a elegir.<\/span><\/span><\/p>\n<p><span id=\"result_box\" lang=\"es\"><span title=\"\u2013 \u00a0\u00a0\u00a0\u00a0\">\u2013 Somier de l\u00e0mines de fusta incl\u00f2s. Tatamis no inclosos.\u00a0 <\/span><\/span><span id=\"result_box\" lang=\"es\"><span title=\"Trattato su richiesta con oli impregnanti naturali \u00a0\u00a0\u00a0\u00a0\">\u00a0 <\/span><span title=\"Disponibile anche su misura\"><br \/>\n<\/span><\/span><\/p>\n<p><span lang=\"es\"><span title=\"Trattato su richiesta con oli impregnanti naturali \u00a0\u00a0\u00a0\u00a0\">\u2013 Disponible en diverses mides est\u00e0ndard. Tamb\u00e9 es pot fabricar en mides especials si ho sol\u00b7liciteu.<\/span><\/span><\/p>","protected":false},"excerpt":{"rendered":"<p>Base tatami fabricada en Italia, sin piezas met\u00e1licas, en madera maciza de haya. El estilo japon\u00e9s t\u00edpico de la cama Toki se expresa en el patr\u00f3n geom\u00e9trico de los encajes de madera, y es una opci\u00f3n ideal para aquellos que prefieren dormir en una cama baja. El rail formado por el doble marco de madera maciza de haya produce el marco perimetral de la cama, al mismo tiempo que act\u00faa como un soporte para las mesitas de noche en suspensi\u00f3n&#8230;<\/p>","protected":false},"featured_media":8409,"template":"","meta":[],"product_brand":[],"product_cat":[18],"product_tag":[],"class_list":{"0":"post-106","1":"product","2":"type-product","3":"status-publish","4":"has-post-thumbnail","6":"product_cat-tatamis","8":"first","9":"instock","10":"taxable","11":"shipping-taxable","12":"purchasable","13":"product-type-variable","14":"rtwpvs-product"},"_links":{"self":[{"href":"https:\/\/futonllit.com\/ca\/wp-json\/wp\/v2\/product\/106","targetHints":{"allow":["GET"]}}],"collection":[{"href":"https:\/\/futonllit.com\/ca\/wp-json\/wp\/v2\/product"}],"about":[{"href":"https:\/\/futonllit.com\/ca\/wp-json\/wp\/v2\/types\/product"}],"wp:featuredmedia":[{"embeddable":true,"href":"https:\/\/futonllit.com\/ca\/wp-json\/wp\/v2\/media\/8409"}],"wp:attachment":[{"href":"https:\/\/futonllit.com\/ca\/wp-json\/wp\/v2\/media?parent=106"}],"wp:term":[{"taxonomy":"product_brand","embeddable":true,"href":"https:\/\/futonllit.com\/ca\/wp-json\/wp\/v2\/product_brand?post=106"},{"taxonomy":"product_cat","embeddable":true,"href":"https:\/\/futonllit.com\/ca\/wp-json\/wp\/v2\/product_cat?post=106"},{"taxonomy":"product_tag","embeddable":true,"href":"https:\/\/futonllit.com\/ca\/wp-json\/wp\/v2\/product_tag?post=106"}],"curies":[{"name":"wp","href":"https:\/\/api.w.org\/{rel}","templated":true}]}}