{"id":104,"date":"2019-01-02T08:41:01","date_gmt":"2019-01-02T08:41:01","guid":{"rendered":"https:\/\/futonllit.com\/nueva\/?post_type=product&#038;p=104"},"modified":"2026-01-20T22:58:05","modified_gmt":"2026-01-20T22:58:05","slug":"tatami-bed","status":"publish","type":"product","link":"https:\/\/futonllit.com\/ca\/botiga\/tatami-bed\/","title":{"rendered":"Tatami Bed"},"content":{"rendered":"<p><span id=\"result_box\" lang=\"es\"><span title=\"Il Letto Tatami-Bed \u00e8 il primo modello di letto concepito specificamente per i Tatami: progettato nel 1985, \u00e8 diventato oramai un classico. \">El Tatami Bed \u00e9s el primer model dissenyat a It\u00e0lia per l'empresa Cinius, espec\u00edficament concebut per a muntar-se amb tatami. Dissenyat el 1985, ha esdevingut tot un cl\u00e0ssic.<br \/>\n<\/span><span title=\"In legno massello di faggio lamellare, \u00e8 stato inoltre il nostro primo letto completamente ad incastro. \">Llit japon\u00e8s de fusta massissa de faig laminada, engalzada amb encaixos de fusta, sense peces ni ferramentes met\u00e0l\u00b7liques (magnetic free).<br \/>\n<\/span><span title=\"Prima del Letto Tatami-Bed, il concetto stesso di letto giapponese non esisteva: i Tatami venivano appoggiati direttamente sul pavimento o su listelli di legno. \u00a0\u00a0\u00a0\u00a0\"><br \/>\n<\/span><span title=\"Letto giapponese ad incastro con struttura geometrica, che rispetta le proporzioni dello stile giapponese. \u00a0\u00a0\u00a0\u00a0\">\u2013 Llit japon\u00e8s amb encaixos de fusta i estructura de l\u00ednies rectes, amb les proporcions de l'estil japon\u00e8s.<\/span><\/span><\/p>\n<p><span id=\"result_box\" lang=\"es\"><span title=\"In legno massello lamellare di faggio \u00a0\u00a0\u00a0\u00a0\">\u2013 Fusta massissa de faig laminada.\u00a0\u00a0 <\/span><\/span><\/p>\n<p class=\"translation-block\">\u2013 Disponible en fusta en cru o vernissada amb impregnaci\u00f3 d\u2019olis naturals en diversos colors per triar (vegeu m\u00e9s avall la carta de colors).<\/p>\n<p><span id=\"result_box\" lang=\"es\"><span title=\"Disponibile su misura sia in altezza che in dimensioni \u00a0\u00a0\u00a0\u00a0\">\u2013 Disponible en diverses mides i al\u00e7\u00e0ries.<\/span><\/span><span id=\"result_box\" lang=\"es\"><span title=\"Trattato su richiesta con oli impregnanti naturali \u00a0\u00a0\u00a0\u00a0\"><br \/>\n<\/span><\/span><\/p>\n<p><span id=\"result_box\" lang=\"es\"><span title=\"Disponibile anche su misura \">\u2013 Tatamis inclosos en el preu: 1, 2 o 3 unitats de tatami en funci\u00f3 de les dimensions de la base.<\/span><\/span><\/p>\n<p><span id=\"result_box\" lang=\"es\"><span title=\"Disponibile anche su misura \">\u2013 Gran varietat de mides est\u00e0ndard, tamb\u00e9 es pot fabricar totalment a mida, si ho sol\u00b7liciteu.<\/span><\/span><\/p>","protected":false},"excerpt":{"rendered":"<p>El Tatami-Bed es el primer modelo dise\u00f1ado en Italia por la empresa Cinius, espec\u00edficamente concebido para montar con Tatami. Dise\u00f1ado en 1985, se ha convertido en todo un cl\u00e1sico. Madera maciza laminada de haya, se ensambla mediante encajes de madera sin herrajes met\u00e1licos (magnetic free). &#8211; Cama japonesa con encajes de madera y estructura de l\u00edneas rectas, que cumple con las proporciones de estilo japon\u00e9s. &#8211; Madera maciza laminada de haya\u00a0\u00a0 &#8211; Disponible en madera en crudo o barnizada con&#8230;<\/p>","protected":false},"featured_media":8394,"template":"","meta":[],"product_brand":[],"product_cat":[18],"product_tag":[],"class_list":{"0":"post-104","1":"product","2":"type-product","3":"status-publish","4":"has-post-thumbnail","6":"product_cat-tatamis","8":"first","9":"instock","10":"taxable","11":"shipping-taxable","12":"purchasable","13":"product-type-variable","14":"rtwpvs-product"},"_links":{"self":[{"href":"https:\/\/futonllit.com\/ca\/wp-json\/wp\/v2\/product\/104","targetHints":{"allow":["GET"]}}],"collection":[{"href":"https:\/\/futonllit.com\/ca\/wp-json\/wp\/v2\/product"}],"about":[{"href":"https:\/\/futonllit.com\/ca\/wp-json\/wp\/v2\/types\/product"}],"wp:featuredmedia":[{"embeddable":true,"href":"https:\/\/futonllit.com\/ca\/wp-json\/wp\/v2\/media\/8394"}],"wp:attachment":[{"href":"https:\/\/futonllit.com\/ca\/wp-json\/wp\/v2\/media?parent=104"}],"wp:term":[{"taxonomy":"product_brand","embeddable":true,"href":"https:\/\/futonllit.com\/ca\/wp-json\/wp\/v2\/product_brand?post=104"},{"taxonomy":"product_cat","embeddable":true,"href":"https:\/\/futonllit.com\/ca\/wp-json\/wp\/v2\/product_cat?post=104"},{"taxonomy":"product_tag","embeddable":true,"href":"https:\/\/futonllit.com\/ca\/wp-json\/wp\/v2\/product_tag?post=104"}],"curies":[{"name":"wp","href":"https:\/\/api.w.org\/{rel}","templated":true}]}}