{"id":100,"date":"2019-01-02T08:23:12","date_gmt":"2019-01-02T08:23:12","guid":{"rendered":"https:\/\/futonllit.com\/nueva\/?post_type=product&#038;p=100"},"modified":"2026-01-20T22:58:37","modified_gmt":"2026-01-20T22:58:37","slug":"dojo","status":"publish","type":"product","link":"https:\/\/futonllit.com\/ca\/botiga\/dojo\/","title":{"rendered":"Dojo \/ Dojo H"},"content":{"rendered":"<p>Base de tatami fabricada a It\u00e0lia, sense peces met\u00e0l\u00b7liques, en fusta massissa de faig. Especialment dissenyada per a muntar-se amb tatami. Disponible en dues al\u00e7\u00e0ries: 7 i 16 cm.<\/p>\n<p class=\"translation-block\">La superf\u00edcie del tatami pot ser molt m\u00e9s \u00e0mplia que el matal\u00e0s, i aix\u00ed disposeu d'un marge de tatami al voltant on s'hi pot fer vida, a la manera tradicional japonesa.<\/p>\n<p><span id=\"result_box\" lang=\"es\"><span title=\"Sotto il Tatami sono comunque fornite le reti a doghe per agevolare la traspirazione del materasso. \">Sota el tatami hi ha un somier de l\u00e0mines de fusta per a millorar la transpirabilitat del tatami i del matal\u00e0s.<br \/>\n<\/span><\/span><\/p>\n<p><span id=\"result_box\" lang=\"es\"><span title=\"Disponibile anche nella variante Dojo H, con piedi di 10cm (o su misura). \u00a0\u00a0\u00a0\u00a0\">Tamb\u00e9 es troba disponible en la versi\u00f3 Dojo H, amb peus 10 cent\u00edmetres m\u00e9s alts.<br \/>\n<\/span><\/span><\/p>\n<ul>\n<li><span id=\"result_box\" lang=\"es\"><span title=\"Letto giapponese in faggio massello lamellare tutto ad incastro, senza parti metalliche (Magnetic Free) \u00a0\u00a0\u00a0\u00a0\">Llit japon\u00e8s de fusta massissa de faig laminada, engalzada amb encaixos de fusta, sense peces ni ferramentes met\u00e0l\u00b7liques (magnetic free).<\/span><\/span><\/li>\n<li><span id=\"result_box\" lang=\"es\"><span title=\"\u2013 \u00a0\u00a0\u00a0\u00a0\">Disponible en fusta natural sense tractament o tractada amb vernissos naturals (amb base d\u2019oli o aigua) en diversos colors per triar, especificats sota la descripci\u00f3.<br \/>\n<\/span><\/span><\/li>\n<li><span id=\"result_box\" lang=\"es\"><span title=\"Trattato su richiesta con oli impregnanti naturali \u00a0\u00a0\u00a0\u00a0\">Tambi\u00e9n disponible en <\/span><\/span><span id=\"result_box\" lang=\"es\"><span title=\"Disponibile anche su misura\">medidas especiales, bajo pedido.<br \/>\n<\/span><\/span><\/li>\n<\/ul>\n<p>El preu inclou tatamis (1, 2 o 3 unitats, en funci\u00f3 de les mides de la base).<\/p>","protected":false},"excerpt":{"rendered":"<p>Base de tatami fabricada en Italia, sin piezas met\u00e1licas, en madera maciza de haya. Especialmente dise\u00f1ada para montar con tatami. Disponible en dos alturas: 7 y 16 cm La superficie del tatami puede ser mucho m\u00e1s amplia que el colch\u00f3n, disponiendo as\u00ed de un margen de tatami alrededor sobre el que podemos hacer vida, a la manera tradicional japonesa. Bajo el tatami incluye un somier de lamas de madera para mejorar la transpirabilidad del tatami y el colch\u00f3n. Tambi\u00e9n disponible&#8230;<\/p>","protected":false},"featured_media":8384,"template":"","meta":[],"product_brand":[],"product_cat":[18],"product_tag":[],"class_list":{"0":"post-100","1":"product","2":"type-product","3":"status-publish","4":"has-post-thumbnail","6":"product_cat-tatamis","8":"first","9":"instock","10":"taxable","11":"shipping-taxable","12":"purchasable","13":"product-type-variable","14":"rtwpvs-product"},"_links":{"self":[{"href":"https:\/\/futonllit.com\/ca\/wp-json\/wp\/v2\/product\/100","targetHints":{"allow":["GET"]}}],"collection":[{"href":"https:\/\/futonllit.com\/ca\/wp-json\/wp\/v2\/product"}],"about":[{"href":"https:\/\/futonllit.com\/ca\/wp-json\/wp\/v2\/types\/product"}],"wp:featuredmedia":[{"embeddable":true,"href":"https:\/\/futonllit.com\/ca\/wp-json\/wp\/v2\/media\/8384"}],"wp:attachment":[{"href":"https:\/\/futonllit.com\/ca\/wp-json\/wp\/v2\/media?parent=100"}],"wp:term":[{"taxonomy":"product_brand","embeddable":true,"href":"https:\/\/futonllit.com\/ca\/wp-json\/wp\/v2\/product_brand?post=100"},{"taxonomy":"product_cat","embeddable":true,"href":"https:\/\/futonllit.com\/ca\/wp-json\/wp\/v2\/product_cat?post=100"},{"taxonomy":"product_tag","embeddable":true,"href":"https:\/\/futonllit.com\/ca\/wp-json\/wp\/v2\/product_tag?post=100"}],"curies":[{"name":"wp","href":"https:\/\/api.w.org\/{rel}","templated":true}]}}